{"id":6,"date":"2019-04-08T12:01:31","date_gmt":"2019-04-08T10:01:31","guid":{"rendered":"https:\/\/www.kampfkunstschule-wuppertal.de\/jiujitsu\/?page_id=6"},"modified":"2019-04-08T12:38:54","modified_gmt":"2019-04-08T10:38:54","slug":"willkommen","status":"publish","type":"page","link":"https:\/\/kampfkunstschule-wuppertal.de\/jiujitsu\/","title":{"rendered":"Willkommen!"},"content":{"rendered":"\n<p>Auf dieser Seite m\u00f6chten wir, Jiu-Jitsu Meister aus Wuppertal, euch diese faszinierende und vielf\u00e4ltige Kampfkunst n\u00e4herbringen und erl\u00e4utern. Jiu-Jitsu ist eine der bekanntesten Budo Sportarten und wird \u00fcberall auf der Welt praktiziert.<\/p>\n\n\n\n<p>Unsere Leidenschaft f\u00fcr Jiu-Jitsu m\u00f6chten wir gerne auf andere \u00fcbertragen, in der Hoffnung, dass noch mehr Menschen einen Zugang zu dieser stilvollen Kunst und nicht zuletzt effektiven Selbstverteidigung bekommen.<\/p>\n\n\n\n<p>Eine Kampfkunst, die die japanischen Samurai \u00fcber Jahrhunderte praktizierten und die durch ihre stetige Entwicklung heute genauso wie fr\u00fcher zu den \u00fcberlegensten Kampfk\u00fcnsten der Welt z\u00e4hlt.<\/p>\n\n\n\n<p>Wir m\u00f6chten Interessierten wie auch praktizierenden Jiu-Jitsuka einen Einblick in die Geschichte und die Tradition dieses Sports geben und Missverst\u00e4ndnisse aufkl\u00e4ren, die durch die verschiedenen Stile entstanden sind.<\/p>\n\n\n\n<p>Wir w\u00fcnschen viel Spa\u00df und freuen uns \u00fcber positive Resonanz.<\/p>\n\n\n\n<p><strong><em>\u201eJiu-Jitsu ist die M\u00f6glichkeit etwas zutiefst kriegerisches, friedvoll zum Wohle der Gesellschaft zu nutzen.\u201c<\/em><\/strong><\/p>\n\n\n\n<p>\u2013<\/p>\n","protected":false},"excerpt":{"rendered":"<p>Auf dieser Seite m\u00f6chten wir, Jiu-Jitsu Meister aus Wuppertal, euch diese faszinierende und vielf\u00e4ltige Kampfkunst n\u00e4herbringen und erl\u00e4utern. Jiu-Jitsu ist eine der bekanntesten Budo Sportarten und wird \u00fcberall auf der Welt praktiziert. Unsere Leidenschaft f\u00fcr Jiu-Jitsu m\u00f6chten wir gerne auf andere \u00fcbertragen, in der Hoffnung, dass noch mehr Menschen einen Zugang zu dieser stilvollen Kunst [&hellip;]<\/p>\n","protected":false},"author":1,"featured_media":0,"parent":0,"menu_order":0,"comment_status":"closed","ping_status":"closed","template":"","meta":[],"acf":[],"_links":{"self":[{"href":"https:\/\/kampfkunstschule-wuppertal.de\/jiujitsu\/wp-json\/wp\/v2\/pages\/6"}],"collection":[{"href":"https:\/\/kampfkunstschule-wuppertal.de\/jiujitsu\/wp-json\/wp\/v2\/pages"}],"about":[{"href":"https:\/\/kampfkunstschule-wuppertal.de\/jiujitsu\/wp-json\/wp\/v2\/types\/page"}],"author":[{"embeddable":true,"href":"https:\/\/kampfkunstschule-wuppertal.de\/jiujitsu\/wp-json\/wp\/v2\/users\/1"}],"replies":[{"embeddable":true,"href":"https:\/\/kampfkunstschule-wuppertal.de\/jiujitsu\/wp-json\/wp\/v2\/comments?post=6"}],"version-history":[{"count":3,"href":"https:\/\/kampfkunstschule-wuppertal.de\/jiujitsu\/wp-json\/wp\/v2\/pages\/6\/revisions"}],"predecessor-version":[{"id":13,"href":"https:\/\/kampfkunstschule-wuppertal.de\/jiujitsu\/wp-json\/wp\/v2\/pages\/6\/revisions\/13"}],"wp:attachment":[{"href":"https:\/\/kampfkunstschule-wuppertal.de\/jiujitsu\/wp-json\/wp\/v2\/media?parent=6"}],"curies":[{"name":"wp","href":"https:\/\/api.w.org\/{rel}","templated":true}]}}