{"id":38,"date":"2019-04-08T12:56:57","date_gmt":"2019-04-08T10:56:57","guid":{"rendered":"https:\/\/www.kampfkunstschule-wuppertal.de\/jiujitsu\/?page_id=38"},"modified":"2019-04-08T13:06:25","modified_gmt":"2019-04-08T11:06:25","slug":"geschichte","status":"publish","type":"page","link":"https:\/\/kampfkunstschule-wuppertal.de\/jiujitsu\/geschichte\/","title":{"rendered":"Geschichte"},"content":{"rendered":"\n<p>Die Wurzeln des Jiu-Jitsu liegen in den alten Kampfk\u00fcnsten, die ihren Weg von Indien \u00fcber China nach Japan gefunden haben. Im Laufe der kriegerischen Geschichte Japans entwickelten sich Systeme, die zur waffenlosen Selbstverteidigung genutzt wurden. Die Vorl\u00e4ufer des Jiu-Jitsu waren Systeme wie das Koshi no Mawari, Kumi Uchi, Yawara, oder das Aiki Bujutsu. All diese waffenlosen Kampfk\u00fcnste waren Bestandteil von ganzheitlichen Kriegskunstschulen (Bujutsu Ry\u00fb).<\/p>\n\n\n\n<p>In diesen Bujutsu Ry\u00fb, wie zum Beispiel dem Daito Ry\u00fb Akijutsu des Takeda Klans oder dem Tenshin Shoden Katori Shinto Ry\u00fb, wurden Samurai an allen damals g\u00e4ngigen Waffen und Kriegstaktiken unterrichtet. Dadurch ergibt sich, dass auch heute noch bestimmte Waffen im Jiu-Jitsu verwendet werden. Bei Verlust der eigenen Waffe musste der Krieger in der Lage sein, sich gegen alle m\u00f6glichen Angriffe erfolgreich zu verteidigen und auf dem Schlachtfeld auch waffenlos zu t\u00f6ten.<\/p>\n\n\n\n<p>Eine dieser alten Bujutsu Ry\u00fb ist das Takenouchi Ry\u00fb, welche 1532 gegr\u00fcndet wurde. Diese Schule gilt als eine Quelle des Jiu-Jitsu.<\/p>\n\n\n\n<p>Die Bezeichnung&nbsp;<em>\u201eJiu-Jitsu\u201c<\/em>&nbsp;als eigenst\u00e4ndige Kunst tauchte erstmals im 17. Jahrhundert auf. Bekannt und popul\u00e4r wurde Jiu-Jitsu auch durch das Wirken eines chinesischen M\u00f6nches namens Chen Yuan Bin, in Japan Chen Genpin genannt. Er errichtete in Edo (Tokyo) eine Kampfkunstschule f\u00fcr M\u00f6nche und Samurai, in der er chinesische Kampftechniken unterrichtete. Drei seiner Sch\u00fcler fassten dieses Wissen mit ihren alten Stilen zusammen und gr\u00fcndeten die ersten Jiu-Jitsu Schulen. Da in Japan nur bestimmten Schichten erlaubt war Waffen zu tragen, war es f\u00fcr den Rest der Bev\u00f6lkerung notwendig sich ohne Waffen verteidigen zu k\u00f6nnen. Jiu-Jitsu bot allen Schichten diese M\u00f6glichkeit.<\/p>\n\n\n\n<p>Nach 1600 war die Zeit der Kriege in Japan vorbei und in der friedlichen Edo Periode war es nicht mehr n\u00f6tig st\u00e4ndig f\u00fcr das Schlachtfeld trainiert zu sein. Aus Kriegern wurden Beamte.<br>In dieser Zeit begann die Bl\u00fcte des Jiu-Jitsu, in der man mehrere hundert Schulen z\u00e4hlte, bevor es w\u00e4hrend der Meiji Restauration fast in Vergessenheit geriet.&nbsp;<br>Erst Anfang des 20. Jahrhunderts begann eine R\u00fcckbesinnung auf die alten K\u00fcnste und so kam Jiu-Jitsu auch in dieser Zeit nach Deutschland.<\/p>\n\n\n\n<p>Jiu-Jitsu ist weltweit unter den unterschiedlichsten Schreibweisen verbreitet: Jujutsu, Jiu Jutsu, Ju Jitsu, in Frankreich oft unter Tai Jitsu.<\/p>\n\n\n\n<p>Lediglich die Schreibweise Ju Jutsu bezeichnet (und das auch nur in Deutschland) ein modernes deutsches System.<\/p>\n\n\n\n<p>Erstaunlicherweise gibt es im Heimatland Japan keine Kunst unter dem alleinigen Namen Jiu-Jitsu. Hier wird es immer mit dem Zusatz des jeweiligen Stils versehen.<\/p>\n\n\n\n<figure class=\"wp-block-image\"><a href=\"https:\/\/www.kampfkunstschule-wuppertal.de\/jiujitsu\/wp-content\/uploads\/sites\/4\/2019\/04\/Technik_nach_Hokusai_1.jpg\"><img decoding=\"async\" loading=\"lazy\" width=\"600\" height=\"450\" src=\"https:\/\/www.kampfkunstschule-wuppertal.de\/jiujitsu\/wp-content\/uploads\/sites\/4\/2019\/04\/Technik_nach_Hokusai_1.jpg\" alt=\"\" class=\"wp-image-39\" srcset=\"https:\/\/kampfkunstschule-wuppertal.de\/jiujitsu\/wp-content\/uploads\/sites\/4\/2019\/04\/Technik_nach_Hokusai_1.jpg 600w, https:\/\/kampfkunstschule-wuppertal.de\/jiujitsu\/wp-content\/uploads\/sites\/4\/2019\/04\/Technik_nach_Hokusai_1-300x225.jpg 300w\" sizes=\"(max-width: 600px) 100vw, 600px\" \/><\/a><\/figure>\n\n\n\n<figure class=\"wp-block-image\"><a href=\"https:\/\/www.kampfkunstschule-wuppertal.de\/jiujitsu\/wp-content\/uploads\/sites\/4\/2019\/04\/Technik_nach_Hokusai_2.jpg\"><img decoding=\"async\" loading=\"lazy\" width=\"600\" height=\"450\" src=\"https:\/\/www.kampfkunstschule-wuppertal.de\/jiujitsu\/wp-content\/uploads\/sites\/4\/2019\/04\/Technik_nach_Hokusai_2.jpg\" alt=\"\" class=\"wp-image-40\" srcset=\"https:\/\/kampfkunstschule-wuppertal.de\/jiujitsu\/wp-content\/uploads\/sites\/4\/2019\/04\/Technik_nach_Hokusai_2.jpg 600w, https:\/\/kampfkunstschule-wuppertal.de\/jiujitsu\/wp-content\/uploads\/sites\/4\/2019\/04\/Technik_nach_Hokusai_2-300x225.jpg 300w\" sizes=\"(max-width: 600px) 100vw, 600px\" \/><\/a><figcaption>Alte Jiu-Jitsu Techniken nach Hokusai<br><\/figcaption><\/figure>\n","protected":false},"excerpt":{"rendered":"<p>Die Wurzeln des Jiu-Jitsu liegen in den alten Kampfk\u00fcnsten, die ihren Weg von Indien \u00fcber China nach Japan gefunden haben. Im Laufe der kriegerischen Geschichte Japans entwickelten sich Systeme, die zur waffenlosen Selbstverteidigung genutzt wurden. Die Vorl\u00e4ufer des Jiu-Jitsu waren Systeme wie das Koshi no Mawari, Kumi Uchi, Yawara, oder das Aiki Bujutsu. All diese [&hellip;]<\/p>\n","protected":false},"author":1,"featured_media":0,"parent":0,"menu_order":0,"comment_status":"closed","ping_status":"closed","template":"","meta":[],"acf":[],"_links":{"self":[{"href":"https:\/\/kampfkunstschule-wuppertal.de\/jiujitsu\/wp-json\/wp\/v2\/pages\/38"}],"collection":[{"href":"https:\/\/kampfkunstschule-wuppertal.de\/jiujitsu\/wp-json\/wp\/v2\/pages"}],"about":[{"href":"https:\/\/kampfkunstschule-wuppertal.de\/jiujitsu\/wp-json\/wp\/v2\/types\/page"}],"author":[{"embeddable":true,"href":"https:\/\/kampfkunstschule-wuppertal.de\/jiujitsu\/wp-json\/wp\/v2\/users\/1"}],"replies":[{"embeddable":true,"href":"https:\/\/kampfkunstschule-wuppertal.de\/jiujitsu\/wp-json\/wp\/v2\/comments?post=38"}],"version-history":[{"count":3,"href":"https:\/\/kampfkunstschule-wuppertal.de\/jiujitsu\/wp-json\/wp\/v2\/pages\/38\/revisions"}],"predecessor-version":[{"id":61,"href":"https:\/\/kampfkunstschule-wuppertal.de\/jiujitsu\/wp-json\/wp\/v2\/pages\/38\/revisions\/61"}],"wp:attachment":[{"href":"https:\/\/kampfkunstschule-wuppertal.de\/jiujitsu\/wp-json\/wp\/v2\/media?parent=38"}],"curies":[{"name":"wp","href":"https:\/\/api.w.org\/{rel}","templated":true}]}}