{"id":113,"date":"2019-04-08T17:44:58","date_gmt":"2019-04-08T15:44:58","guid":{"rendered":"https:\/\/www.kampfkunstschule-wuppertal.de\/jiujitsu\/?page_id=113"},"modified":"2019-04-08T17:45:12","modified_gmt":"2019-04-08T15:45:12","slug":"brazilian-jiu-jitsu-bjj","status":"publish","type":"page","link":"https:\/\/kampfkunstschule-wuppertal.de\/jiujitsu\/brazilian-jiu-jitsu-bjj\/","title":{"rendered":"Brazilian Jiu-Jitsu (BJJ)"},"content":{"rendered":"\n<p>Brazilian Jiu-Jitsu ist eine Entwicklung der Familie&nbsp;<em>Gracie<\/em>&nbsp;aus Brasilien. Mitglieder der Familie lernten, in den 1920er Jahren bei Meister&nbsp;<em>Maeda Mitsuyo<\/em>&nbsp;(1880\u20131941), Judo. Mit der Erfahrung ihrer Ringerzeit entwickelte sich eine Form des Jiu-Jitsu, in der die Bodenarbeit den Hauptschwerpunkt bildet. Beim BBJ kommt es darauf an den Gegner m\u00f6glichst schnell von den F\u00fc\u00dfen zu holen&nbsp;<em>(Takedown)<\/em>&nbsp;und in dann im Boden zur Aufgabe zu zwingen. Dies geschieht vorzugsweise durch Hebel oder W\u00fcrgegriffe.<\/p>\n\n\n\n<p>Ber\u00fchmt wurde BJJ als, in den 1990er Jahren, bei den&nbsp;<em>\u201eUltimate Fighting Championship\u201c<\/em>, die Familie Gracie viele Siege davontrug.<\/p>\n\n\n\n<p>Bei diesen K\u00e4mpfen ohne viele Regeln wurde den meisten K\u00e4mpfern zum ersten mal bewusst, dass man alle Distanzen und vor allem den Bodenkampf beherrschen muss, um hier eine Chance zu haben. Dies war die Geburtsstunde des Vollkontaktwettkampfes MMA (Mixed Martial Arts).<\/p>\n\n\n\n<p>BJJ ist technisch eine Weiterentwicklung des Judo, welches ja aus dem Jiu-Jitsu entstanden ist. Quasi vom Jiu-Jitsu \u00fcber Judo zur\u00fcck zu einer neuen Form des Jiu-Jitsu. Wo Judo nach der ersten Bodentechnik endet, h\u00f6rt ein Kampf im BJJ erst dann auf bis nichts mehr geht.<\/p>\n\n\n\n<p>K\u00e4mpfer des BJJ erkennt man meistens an den Judogi, in wei\u00df oder blau, die mit vielen Werbeaufn\u00e4hern und brasilianischen Farben an Jacke und Hose versehen sind.<\/p>\n\n\n\n<figure class=\"wp-block-image\"><a href=\"https:\/\/www.kampfkunstschule-wuppertal.de\/jiujitsu\/wp-content\/uploads\/sites\/4\/2019\/04\/BJJ.jpg\"><img decoding=\"async\" loading=\"lazy\" width=\"450\" height=\"600\" src=\"https:\/\/www.kampfkunstschule-wuppertal.de\/jiujitsu\/wp-content\/uploads\/sites\/4\/2019\/04\/BJJ.jpg\" alt=\"\" class=\"wp-image-114\" srcset=\"https:\/\/kampfkunstschule-wuppertal.de\/jiujitsu\/wp-content\/uploads\/sites\/4\/2019\/04\/BJJ.jpg 450w, https:\/\/kampfkunstschule-wuppertal.de\/jiujitsu\/wp-content\/uploads\/sites\/4\/2019\/04\/BJJ-225x300.jpg 225w\" sizes=\"(max-width: 450px) 100vw, 450px\" \/><\/a><figcaption>Brazilian Jiu-Jitsu<\/figcaption><\/figure>\n","protected":false},"excerpt":{"rendered":"<p>Brazilian Jiu-Jitsu ist eine Entwicklung der Familie&nbsp;Gracie&nbsp;aus Brasilien. Mitglieder der Familie lernten, in den 1920er Jahren bei Meister&nbsp;Maeda Mitsuyo&nbsp;(1880\u20131941), Judo. Mit der Erfahrung ihrer Ringerzeit entwickelte sich eine Form des Jiu-Jitsu, in der die Bodenarbeit den Hauptschwerpunkt bildet. Beim BBJ kommt es darauf an den Gegner m\u00f6glichst schnell von den F\u00fc\u00dfen zu holen&nbsp;(Takedown)&nbsp;und in dann [&hellip;]<\/p>\n","protected":false},"author":1,"featured_media":0,"parent":0,"menu_order":0,"comment_status":"closed","ping_status":"closed","template":"","meta":[],"acf":[],"_links":{"self":[{"href":"https:\/\/kampfkunstschule-wuppertal.de\/jiujitsu\/wp-json\/wp\/v2\/pages\/113"}],"collection":[{"href":"https:\/\/kampfkunstschule-wuppertal.de\/jiujitsu\/wp-json\/wp\/v2\/pages"}],"about":[{"href":"https:\/\/kampfkunstschule-wuppertal.de\/jiujitsu\/wp-json\/wp\/v2\/types\/page"}],"author":[{"embeddable":true,"href":"https:\/\/kampfkunstschule-wuppertal.de\/jiujitsu\/wp-json\/wp\/v2\/users\/1"}],"replies":[{"embeddable":true,"href":"https:\/\/kampfkunstschule-wuppertal.de\/jiujitsu\/wp-json\/wp\/v2\/comments?post=113"}],"version-history":[{"count":2,"href":"https:\/\/kampfkunstschule-wuppertal.de\/jiujitsu\/wp-json\/wp\/v2\/pages\/113\/revisions"}],"predecessor-version":[{"id":116,"href":"https:\/\/kampfkunstschule-wuppertal.de\/jiujitsu\/wp-json\/wp\/v2\/pages\/113\/revisions\/116"}],"wp:attachment":[{"href":"https:\/\/kampfkunstschule-wuppertal.de\/jiujitsu\/wp-json\/wp\/v2\/media?parent=113"}],"curies":[{"name":"wp","href":"https:\/\/api.w.org\/{rel}","templated":true}]}}