{"id":105,"date":"2019-04-08T17:43:05","date_gmt":"2019-04-08T15:43:05","guid":{"rendered":"https:\/\/www.kampfkunstschule-wuppertal.de\/jiujitsu\/?page_id=105"},"modified":"2019-04-08T17:43:05","modified_gmt":"2019-04-08T15:43:05","slug":"kito-ryu","status":"publish","type":"page","link":"https:\/\/kampfkunstschule-wuppertal.de\/jiujitsu\/kito-ryu\/","title":{"rendered":"Kito Ry\u00fb"},"content":{"rendered":"\n<p>Das Kito Ry\u00fb ist eine Schule des Jiu-Jitsu die sich im 17. Jahrhundert entwickelte.<\/p>\n\n\n\n<p>Hier wurden Elemente sowohl aus der Takenouchi Ry\u00fb wie auch aus der Yoshin Ry\u00fb zusammengef\u00fchrt. Obwohl der Ursprung des Kito Ry\u00fb bis ins 14. Jahrhundert zur\u00fcck geht, hat sich die Schule erst mit den waffenlosen Techniken des Jiu-Jitsu einen Namen gemacht. Im Kito Ry\u00fb wurden viele Bewegungsformen&nbsp;<em>(Kata)<\/em>&nbsp;gelehrt, die heute noch trainiert werden.<\/p>\n\n\n\n<p>Jigoro Kano, Begr\u00fcnder des Judo, lernte ebenfalls Kito Ry\u00fb und \u00fcbernahm auch die Kata in sein Judo. So wird zum Beispiel die Koshiki no kata sowohl im Judo wie auch im Jiu-Jitsu gelehrt.<\/p>\n\n\n\n<p>Auch das Kito Ry\u00fb gilt als Stil aus dem sich viele weitere abgeleitet haben.<\/p>\n\n\n\n<figure class=\"wp-block-image\"><img decoding=\"async\" loading=\"lazy\" width=\"400\" height=\"597\" src=\"https:\/\/www.kampfkunstschule-wuppertal.de\/jiujitsu\/wp-content\/uploads\/sites\/4\/2019\/04\/KanoJigoro.jpg\" alt=\"\" class=\"wp-image-106\" srcset=\"https:\/\/kampfkunstschule-wuppertal.de\/jiujitsu\/wp-content\/uploads\/sites\/4\/2019\/04\/KanoJigoro.jpg 400w, https:\/\/kampfkunstschule-wuppertal.de\/jiujitsu\/wp-content\/uploads\/sites\/4\/2019\/04\/KanoJigoro-201x300.jpg 201w\" sizes=\"(max-width: 400px) 100vw, 400px\" \/><figcaption>Abbild von Kano Jigoro<\/figcaption><\/figure>\n\n\n\n<figure class=\"wp-block-image\"><img decoding=\"async\" loading=\"lazy\" width=\"397\" height=\"600\" src=\"https:\/\/www.kampfkunstschule-wuppertal.de\/jiujitsu\/wp-content\/uploads\/sites\/4\/2019\/04\/Technik_des_traditionellen_Jiu-Jitsu_-_-Kito_Ryu.jpg\" alt=\"\" class=\"wp-image-107\" srcset=\"https:\/\/kampfkunstschule-wuppertal.de\/jiujitsu\/wp-content\/uploads\/sites\/4\/2019\/04\/Technik_des_traditionellen_Jiu-Jitsu_-_-Kito_Ryu.jpg 397w, https:\/\/kampfkunstschule-wuppertal.de\/jiujitsu\/wp-content\/uploads\/sites\/4\/2019\/04\/Technik_des_traditionellen_Jiu-Jitsu_-_-Kito_Ryu-199x300.jpg 199w\" sizes=\"(max-width: 397px) 100vw, 397px\" \/><figcaption>Technik des traditionellen Jiu-Jitsu \u2013 Kito Ry\u00fb<br><\/figcaption><\/figure>\n","protected":false},"excerpt":{"rendered":"<p>Das Kito Ry\u00fb ist eine Schule des Jiu-Jitsu die sich im 17. Jahrhundert entwickelte. Hier wurden Elemente sowohl aus der Takenouchi Ry\u00fb wie auch aus der Yoshin Ry\u00fb zusammengef\u00fchrt. Obwohl der Ursprung des Kito Ry\u00fb bis ins 14. Jahrhundert zur\u00fcck geht, hat sich die Schule erst mit den waffenlosen Techniken des Jiu-Jitsu einen Namen gemacht. [&hellip;]<\/p>\n","protected":false},"author":1,"featured_media":0,"parent":0,"menu_order":0,"comment_status":"closed","ping_status":"closed","template":"","meta":[],"acf":[],"_links":{"self":[{"href":"https:\/\/kampfkunstschule-wuppertal.de\/jiujitsu\/wp-json\/wp\/v2\/pages\/105"}],"collection":[{"href":"https:\/\/kampfkunstschule-wuppertal.de\/jiujitsu\/wp-json\/wp\/v2\/pages"}],"about":[{"href":"https:\/\/kampfkunstschule-wuppertal.de\/jiujitsu\/wp-json\/wp\/v2\/types\/page"}],"author":[{"embeddable":true,"href":"https:\/\/kampfkunstschule-wuppertal.de\/jiujitsu\/wp-json\/wp\/v2\/users\/1"}],"replies":[{"embeddable":true,"href":"https:\/\/kampfkunstschule-wuppertal.de\/jiujitsu\/wp-json\/wp\/v2\/comments?post=105"}],"version-history":[{"count":2,"href":"https:\/\/kampfkunstschule-wuppertal.de\/jiujitsu\/wp-json\/wp\/v2\/pages\/105\/revisions"}],"predecessor-version":[{"id":109,"href":"https:\/\/kampfkunstschule-wuppertal.de\/jiujitsu\/wp-json\/wp\/v2\/pages\/105\/revisions\/109"}],"wp:attachment":[{"href":"https:\/\/kampfkunstschule-wuppertal.de\/jiujitsu\/wp-json\/wp\/v2\/media?parent=105"}],"curies":[{"name":"wp","href":"https:\/\/api.w.org\/{rel}","templated":true}]}}