{"id":81,"date":"2019-03-01T21:30:59","date_gmt":"2019-03-01T20:30:59","guid":{"rendered":"https:\/\/kampfkunstschule-wuppertal.de\/iaido\/?page_id=81"},"modified":"2019-04-08T11:04:04","modified_gmt":"2019-04-08T09:04:04","slug":"links","status":"publish","type":"page","link":"https:\/\/kampfkunstschule-wuppertal.de\/iaido\/links\/","title":{"rendered":"Links"},"content":{"rendered":"\n<p>Hier findet ihr alle relevanten Links zum Thema Iaid\u014d&nbsp;und zu unseren weiteren Seiten die sich mit Selbstverteidigung, Kampfsport und Kampfkunst befassen, sowie den entsprechenden Verb\u00e4nden.<\/p>\n\n\n\n<figure class=\"wp-block-image\"><a href=\"https:\/\/www.kampfkunstschule-wuppertal.de\/iaido\/wp-content\/uploads\/sites\/3\/2019\/03\/Links.jpg\"><img decoding=\"async\" loading=\"lazy\" width=\"350\" height=\"260\" src=\"https:\/\/www.kampfkunstschule-wuppertal.de\/iaido\/wp-content\/uploads\/sites\/3\/2019\/03\/Links.jpg\" alt=\"\" class=\"wp-image-194\" srcset=\"https:\/\/kampfkunstschule-wuppertal.de\/iaido\/wp-content\/uploads\/sites\/3\/2019\/03\/Links.jpg 350w, https:\/\/kampfkunstschule-wuppertal.de\/iaido\/wp-content\/uploads\/sites\/3\/2019\/03\/Links-300x223.jpg 300w\" sizes=\"(max-width: 350px) 100vw, 350px\" \/><\/a><figcaption> Martin S\u00fclz, 6. Dan ATK, 5. Dan Jiu Jitsu, 1. Dan Iaido &#8211; Ura Mawashi Geri<\/figcaption><\/figure>\n\n\n\n<p><a href=\"http:\/\/www.iaido.de\/\" target=\"_blank\" rel=\"noreferrer noopener\">DIAIB &#8211; Deutscher Iaido Bund<\/a><\/p>\n\n\n\n<p><a href=\"http:\/\/www.nrwiv.org\/\" target=\"_blank\" rel=\"noreferrer noopener\">NRWIV &#8211; Nordrhein Westf\u00e4lischer Iaidoverband<\/a><\/p>\n\n\n\n<p><a href=\"http:\/\/www.hakushinkai-duesseldorf.de\/\" target=\"_blank\" rel=\"noreferrer noopener\">Hakushinkai D\u00fcsseldorf<\/a><\/p>\n\n\n\n<p><a href=\"http:\/\/www.b-a-e.de\/\" target=\"_blank\" rel=\"noreferrer noopener\">BAE &#8211; Budo Akademie Europe<\/a><\/p>\n\n\n\n<p><a href=\"http:\/\/www.jju-nw.de\/\" target=\"_blank\" rel=\"noreferrer noopener\">JJUNW &#8211; Jiu Jitsu Union NW<\/a><\/p>\n\n\n\n<p><a href=\"http:\/\/www.european-dan-college.com\/\" target=\"_blank\" rel=\"noreferrer noopener\">European Dan College<\/a><\/p>\n\n\n\n<p><a href=\"http:\/\/www.kampfkunstschule-wuppertal.de\/\" target=\"_blank\" rel=\"noreferrer noopener\">Schule f\u00fcr Kampfkunst Wuppertal<\/a><\/p>\n\n\n\n<p><a href=\"https:\/\/www.facebook.com\/Kampfkunstschule.Wuppertal\" target=\"_blank\" rel=\"noreferrer noopener\">Schule f\u00fcr Kampfkunst Wuppertal (Facebook)<\/a><\/p>\n\n\n\n<p><a href=\"http:\/\/www.atk-wuppertal.de\/\" target=\"_blank\" rel=\"noreferrer noopener\">ATK Wuppertal<\/a><\/p>\n\n\n\n<p><a href=\"http:\/\/www.atk-sv.de\/\" target=\"_blank\" rel=\"noreferrer noopener\">ATK-SV<\/a><\/p>\n\n\n\n<p><a href=\"http:\/\/www.jiujitsu-wuppertal.de\/\" target=\"_blank\" rel=\"noreferrer noopener\">Jiu Jitsu Wuppertal<\/a><\/p>\n","protected":false},"excerpt":{"rendered":"<p>Hier findet ihr alle relevanten Links zum Thema Iaid\u014d&nbsp;und zu unseren weiteren Seiten die sich mit Selbstverteidigung, Kampfsport und Kampfkunst befassen, sowie den entsprechenden Verb\u00e4nden. DIAIB &#8211; Deutscher Iaido Bund NRWIV &#8211; Nordrhein Westf\u00e4lischer Iaidoverband Hakushinkai D\u00fcsseldorf BAE &#8211; Budo Akademie Europe JJUNW &#8211; Jiu Jitsu Union NW European Dan College Schule f\u00fcr Kampfkunst Wuppertal [&hellip;]<\/p>\n","protected":false},"author":1,"featured_media":0,"parent":0,"menu_order":0,"comment_status":"closed","ping_status":"closed","template":"","meta":[],"acf":[],"_links":{"self":[{"href":"https:\/\/kampfkunstschule-wuppertal.de\/iaido\/wp-json\/wp\/v2\/pages\/81"}],"collection":[{"href":"https:\/\/kampfkunstschule-wuppertal.de\/iaido\/wp-json\/wp\/v2\/pages"}],"about":[{"href":"https:\/\/kampfkunstschule-wuppertal.de\/iaido\/wp-json\/wp\/v2\/types\/page"}],"author":[{"embeddable":true,"href":"https:\/\/kampfkunstschule-wuppertal.de\/iaido\/wp-json\/wp\/v2\/users\/1"}],"replies":[{"embeddable":true,"href":"https:\/\/kampfkunstschule-wuppertal.de\/iaido\/wp-json\/wp\/v2\/comments?post=81"}],"version-history":[{"count":4,"href":"https:\/\/kampfkunstschule-wuppertal.de\/iaido\/wp-json\/wp\/v2\/pages\/81\/revisions"}],"predecessor-version":[{"id":238,"href":"https:\/\/kampfkunstschule-wuppertal.de\/iaido\/wp-json\/wp\/v2\/pages\/81\/revisions\/238"}],"wp:attachment":[{"href":"https:\/\/kampfkunstschule-wuppertal.de\/iaido\/wp-json\/wp\/v2\/media?parent=81"}],"curies":[{"name":"wp","href":"https:\/\/api.w.org\/{rel}","templated":true}]}}