{"id":68,"date":"2019-03-01T21:28:59","date_gmt":"2019-03-01T20:28:59","guid":{"rendered":"https:\/\/kampfkunstschule-wuppertal.de\/iaido\/?page_id=68"},"modified":"2019-04-08T11:02:21","modified_gmt":"2019-04-08T09:02:21","slug":"omori-ryu","status":"publish","type":"page","link":"https:\/\/kampfkunstschule-wuppertal.de\/iaido\/omori-ryu\/","title":{"rendered":"\u014cmori-Ry\u016b"},"content":{"rendered":"\n<p>\u014cmori Rokurozeamon Masamitsu war Sch\u00fcler von Hasegawa Eishin. Er studierte aber auch Yagyu Shinkage-Ry\u016b und die Etikette der Ogasawara-Ry\u016b. Aufgrund dieses Wissens schuf er seinen eigenen Stil die \u014cmori-Ry\u016b.&nbsp;Er f\u00fchrte die Sitzposition Seiza (auf den Knien) ein, was f\u00fcr Iai bis dahin un\u00fcblich war. In dieser Position wurde in der Regel kein Katana getragen. Omori setzte aber den Schwerpunkt auf durch Zen beeinflusste, spirituelle Formen, die sich an der Etikette der friedlichen Periode nach den B\u00fcrgerkriegen richtete.<\/p>\n\n\n\n<p>Typisch f\u00fcr Omori-Ry\u016b ist O-Chiburi (gro\u00dfes Chiburi). Omori-Ry\u016b ist Bestandteil der Mus\u014d Shinden-Ry\u016b.<\/p>\n\n\n\n<figure><iframe loading=\"lazy\" src=\"https:\/\/www.youtube.com\/embed\/Iri9Jf3JMaY\" width=\"560\" height=\"315\"><\/iframe><\/figure>\n\n\n\n<figure><iframe loading=\"lazy\" src=\"https:\/\/www.youtube.com\/embed\/I0Wx7fOceqA\" width=\"560\" height=\"315\"><\/iframe><\/figure>\n","protected":false},"excerpt":{"rendered":"<p>\u014cmori Rokurozeamon Masamitsu war Sch\u00fcler von Hasegawa Eishin. Er studierte aber auch Yagyu Shinkage-Ry\u016b und die Etikette der Ogasawara-Ry\u016b. Aufgrund dieses Wissens schuf er seinen eigenen Stil die \u014cmori-Ry\u016b.&nbsp;Er f\u00fchrte die Sitzposition Seiza (auf den Knien) ein, was f\u00fcr Iai bis dahin un\u00fcblich war. In dieser Position wurde in der Regel kein Katana getragen. Omori [&hellip;]<\/p>\n","protected":false},"author":1,"featured_media":0,"parent":0,"menu_order":0,"comment_status":"closed","ping_status":"closed","template":"","meta":[],"acf":[],"_links":{"self":[{"href":"https:\/\/kampfkunstschule-wuppertal.de\/iaido\/wp-json\/wp\/v2\/pages\/68"}],"collection":[{"href":"https:\/\/kampfkunstschule-wuppertal.de\/iaido\/wp-json\/wp\/v2\/pages"}],"about":[{"href":"https:\/\/kampfkunstschule-wuppertal.de\/iaido\/wp-json\/wp\/v2\/types\/page"}],"author":[{"embeddable":true,"href":"https:\/\/kampfkunstschule-wuppertal.de\/iaido\/wp-json\/wp\/v2\/users\/1"}],"replies":[{"embeddable":true,"href":"https:\/\/kampfkunstschule-wuppertal.de\/iaido\/wp-json\/wp\/v2\/comments?post=68"}],"version-history":[{"count":2,"href":"https:\/\/kampfkunstschule-wuppertal.de\/iaido\/wp-json\/wp\/v2\/pages\/68\/revisions"}],"predecessor-version":[{"id":233,"href":"https:\/\/kampfkunstschule-wuppertal.de\/iaido\/wp-json\/wp\/v2\/pages\/68\/revisions\/233"}],"wp:attachment":[{"href":"https:\/\/kampfkunstschule-wuppertal.de\/iaido\/wp-json\/wp\/v2\/media?parent=68"}],"curies":[{"name":"wp","href":"https:\/\/api.w.org\/{rel}","templated":true}]}}