{"id":53,"date":"2019-03-01T21:26:26","date_gmt":"2019-03-01T20:26:26","guid":{"rendered":"https:\/\/kampfkunstschule-wuppertal.de\/iaido\/?page_id=53"},"modified":"2019-04-08T11:00:38","modified_gmt":"2019-04-08T09:00:38","slug":"tameshigiri","status":"publish","type":"page","link":"https:\/\/kampfkunstschule-wuppertal.de\/iaido\/tameshigiri\/","title":{"rendered":"Tameshigiri"},"content":{"rendered":"\n<p>Tameshigiri ist das Erproben der Klinge um deren Sch\u00e4rfe festzustellen und zu bewerten. Tameshigiri wurde im alten Japan an Menschen (verurteilte Verbrecher) oder Leichen durchgef\u00fchrt. Au\u00dferdem hatten die Samurai des Recht jederzeit und an jedermann ihre Klinge zu testen, sprich Menschen zu t\u00f6ten.&nbsp;Aus diesem Grund wird Tameshigiri heute von vielen Schulen abgelehnt.<\/p>\n\n\n\n<p>Tameshigiri hat aber heute einen anderen Hintergrund und nat\u00fcrlich kommt dabei niemand zu Schaden.<\/p>\n\n\n\n<figure class=\"wp-block-image\"><a href=\"https:\/\/www.kampfkunstschule-wuppertal.de\/iaido\/wp-content\/uploads\/sites\/3\/2019\/03\/03_01_Schnittstellen.jpg\"><img decoding=\"async\" loading=\"lazy\" width=\"228\" height=\"281\" src=\"https:\/\/www.kampfkunstschule-wuppertal.de\/iaido\/wp-content\/uploads\/sites\/3\/2019\/03\/03_01_Schnittstellen.jpg\" alt=\"\" class=\"wp-image-163\"\/><\/a><figcaption> Schnittstellen<\/figcaption><\/figure>\n\n\n\n<p>Um heute eine scharfe Klinge zu testen werden Bambusrohre sowie Strohrollen benutzt. Man hat verschiedene St\u00e4rken und Varianten um zu simulieren welche Schnittkraft und Sch\u00e4rfe ein Schwert hat.<br>Im Kenjutsu haben die Sportler die M\u00f6glichkeit beim Tameshigiri ihre Technik zu testen. Wird das Schwert richtig gef\u00fchrt? Erhalte ich einen ordentlichen, sauberen Schnitt? Stimmt der Winkel des Schnittes?<br>Dies ist der einzige Sinn heute noch Tameshigiri auszuf\u00fchren. Tameshigiri ist kein Bestandteil des Iaid\u014d. Tameshigiri wird unabh\u00e4ngig davon in wenigen Schulen praktiziert. <\/p>\n\n\n\n<ul class=\"is-layout-flex wp-block-gallery-1 wp-block-gallery columns-3 is-cropped\"><li class=\"blocks-gallery-item\"><figure><a href=\"https:\/\/www.kampfkunstschule-wuppertal.de\/iaido\/wp-content\/uploads\/sites\/3\/2019\/03\/03_03_Tameshigiri_Alex.jpg\"><img decoding=\"async\" loading=\"lazy\" width=\"186\" height=\"281\" src=\"https:\/\/www.kampfkunstschule-wuppertal.de\/iaido\/wp-content\/uploads\/sites\/3\/2019\/03\/03_03_Tameshigiri_Alex.jpg\" alt=\"\" data-id=\"164\" data-link=\"https:\/\/www.kampfkunstschule-wuppertal.de\/iaido\/tameshigiri\/03_03_tameshigiri_alex\/\" class=\"wp-image-164\"\/><\/a><\/figure><\/li><li class=\"blocks-gallery-item\"><figure><a href=\"https:\/\/www.kampfkunstschule-wuppertal.de\/iaido\/wp-content\/uploads\/sites\/3\/2019\/03\/03_02_Tameshigiri_Josh.jpg\"><img decoding=\"async\" loading=\"lazy\" width=\"186\" height=\"281\" src=\"https:\/\/www.kampfkunstschule-wuppertal.de\/iaido\/wp-content\/uploads\/sites\/3\/2019\/03\/03_02_Tameshigiri_Josh.jpg\" alt=\"\" data-id=\"165\" data-link=\"https:\/\/www.kampfkunstschule-wuppertal.de\/iaido\/tameshigiri\/03_02_tameshigiri_josh\/\" class=\"wp-image-165\"\/><\/a><\/figure><\/li><li class=\"blocks-gallery-item\"><figure><a href=\"https:\/\/www.kampfkunstschule-wuppertal.de\/iaido\/wp-content\/uploads\/sites\/3\/2019\/03\/03_04_Tameshigiri_Martin.jpg\"><img decoding=\"async\" loading=\"lazy\" width=\"196\" height=\"281\" src=\"https:\/\/www.kampfkunstschule-wuppertal.de\/iaido\/wp-content\/uploads\/sites\/3\/2019\/03\/03_04_Tameshigiri_Martin.jpg\" alt=\"\" data-id=\"166\" data-link=\"https:\/\/www.kampfkunstschule-wuppertal.de\/iaido\/tameshigiri\/03_04_tameshigiri_martin\/\" class=\"wp-image-166\"\/><\/a><\/figure><\/li><\/ul>\n","protected":false},"excerpt":{"rendered":"<p>Tameshigiri ist das Erproben der Klinge um deren Sch\u00e4rfe festzustellen und zu bewerten. Tameshigiri wurde im alten Japan an Menschen (verurteilte Verbrecher) oder Leichen durchgef\u00fchrt. Au\u00dferdem hatten die Samurai des Recht jederzeit und an jedermann ihre Klinge zu testen, sprich Menschen zu t\u00f6ten.&nbsp;Aus diesem Grund wird Tameshigiri heute von vielen Schulen abgelehnt. Tameshigiri hat aber [&hellip;]<\/p>\n","protected":false},"author":1,"featured_media":0,"parent":0,"menu_order":0,"comment_status":"closed","ping_status":"closed","template":"","meta":[],"acf":[],"_links":{"self":[{"href":"https:\/\/kampfkunstschule-wuppertal.de\/iaido\/wp-json\/wp\/v2\/pages\/53"}],"collection":[{"href":"https:\/\/kampfkunstschule-wuppertal.de\/iaido\/wp-json\/wp\/v2\/pages"}],"about":[{"href":"https:\/\/kampfkunstschule-wuppertal.de\/iaido\/wp-json\/wp\/v2\/types\/page"}],"author":[{"embeddable":true,"href":"https:\/\/kampfkunstschule-wuppertal.de\/iaido\/wp-json\/wp\/v2\/users\/1"}],"replies":[{"embeddable":true,"href":"https:\/\/kampfkunstschule-wuppertal.de\/iaido\/wp-json\/wp\/v2\/comments?post=53"}],"version-history":[{"count":4,"href":"https:\/\/kampfkunstschule-wuppertal.de\/iaido\/wp-json\/wp\/v2\/pages\/53\/revisions"}],"predecessor-version":[{"id":226,"href":"https:\/\/kampfkunstschule-wuppertal.de\/iaido\/wp-json\/wp\/v2\/pages\/53\/revisions\/226"}],"wp:attachment":[{"href":"https:\/\/kampfkunstschule-wuppertal.de\/iaido\/wp-json\/wp\/v2\/media?parent=53"}],"curies":[{"name":"wp","href":"https:\/\/api.w.org\/{rel}","templated":true}]}}