{"id":51,"date":"2019-03-01T21:26:04","date_gmt":"2019-03-01T20:26:04","guid":{"rendered":"https:\/\/kampfkunstschule-wuppertal.de\/iaido\/?page_id=51"},"modified":"2019-04-08T11:00:12","modified_gmt":"2019-04-08T09:00:12","slug":"kenjutsu","status":"publish","type":"page","link":"https:\/\/kampfkunstschule-wuppertal.de\/iaido\/kenjutsu\/","title":{"rendered":"Kenjutsu"},"content":{"rendered":"\n<p>\n\nKenjutsu (Schwertkampfkunst) ist der Oberbegriff f\u00fcr alle Arten der japanischen Schwertkampfkunst. Kenjutsu geh\u00f6rt zu den alten Kriegsk\u00fcnsten \u2013 Kobud\u014d. Beim Kenjutsu erlernten die Samurai den Umgang mit dem Schwert um im Kampf und auf dem Schlachtfeld bestehen zu k\u00f6nnen. Kenjutsu ist das eigentliche K\u00e4mpfen mit dem Schwert gegen einen Gegner und das Erlernen von Techniken die im Kampf zum Sieg f\u00fchren.\n\n<\/p>\n\n\n\n<figure class=\"wp-block-image\"><a href=\"https:\/\/www.kampfkunstschule-wuppertal.de\/iaido\/wp-content\/uploads\/sites\/3\/2019\/03\/Kenjutsu_01_750_497.jpg\"><img decoding=\"async\" loading=\"lazy\" width=\"750\" height=\"497\" src=\"https:\/\/www.kampfkunstschule-wuppertal.de\/iaido\/wp-content\/uploads\/sites\/3\/2019\/03\/Kenjutsu_01_750_497.jpg\" alt=\"\" class=\"wp-image-159\" srcset=\"https:\/\/kampfkunstschule-wuppertal.de\/iaido\/wp-content\/uploads\/sites\/3\/2019\/03\/Kenjutsu_01_750_497.jpg 750w, https:\/\/kampfkunstschule-wuppertal.de\/iaido\/wp-content\/uploads\/sites\/3\/2019\/03\/Kenjutsu_01_750_497-300x199.jpg 300w\" sizes=\"(max-width: 750px) 100vw, 750px\" \/><\/a><figcaption> Martin S\u00fclz, 1. Dan &#8211; Alexander Koltsch, 1. Kyu &#8211; Kenjutsutechnik<\/figcaption><\/figure>\n\n\n\n<p>Anf\u00e4nglich wurde sogar mit scharfen Schwertern ge\u00fcbt, was zu schweren Verletzungen oder sogar zum Tode f\u00fchrte. Erst Ende des 16. Jahrhunderts wurde zu \u00dcbungszwecken mit Bokken oder Bambusschwertern gek\u00e4mpft. Um Verletzungen zu vermeiden fanden R\u00fcstungsteile Einzug in das Training und aus Bambusschwertern entwickelte sich das Shinai. In der langen Zeit des Friedens in Japan wurde aus Kenjutsu letztendlich im 20. Jahrhundert die Wettkampfsportart Kend\u014d.<\/p>\n\n\n\n<p>Aber es existieren auch heute noch alte Schulen die Kenjutsu praktizieren wie die Yagyu Shikage-Ry\u016b oder die Tenshin Shoden Katori Shinto-Ry\u016b. Sie haben die Jahrhunderte \u00fcberdauert und pflegen nach wie vor die alten Techniken.&nbsp;<\/p>\n\n\n\n<p>Auch der Umgang mit anderen Samuraiwaffen wie Kurzschwert (Sh\u014dt\u014d), Dolch (Tant\u014d) oder Lanze (Yari) ist Bestandteil der alten Kenjutsury\u016b.<br>Iaijutsu oder auch Batt\u014djutsu ist eine Sonderform des Kenjutsu und wird weder in allen Schulen praktiziert, noch ist es sehr verbreitet.<\/p>\n\n\n\n<figure class=\"wp-block-image\"><a href=\"https:\/\/www.kampfkunstschule-wuppertal.de\/iaido\/wp-content\/uploads\/sites\/3\/2019\/03\/Kenjutsu_02_750_563.jpg\"><img decoding=\"async\" loading=\"lazy\" width=\"750\" height=\"563\" src=\"https:\/\/www.kampfkunstschule-wuppertal.de\/iaido\/wp-content\/uploads\/sites\/3\/2019\/03\/Kenjutsu_02_750_563.jpg\" alt=\"\" class=\"wp-image-161\" srcset=\"https:\/\/kampfkunstschule-wuppertal.de\/iaido\/wp-content\/uploads\/sites\/3\/2019\/03\/Kenjutsu_02_750_563.jpg 750w, https:\/\/kampfkunstschule-wuppertal.de\/iaido\/wp-content\/uploads\/sites\/3\/2019\/03\/Kenjutsu_02_750_563-300x225.jpg 300w\" sizes=\"(max-width: 750px) 100vw, 750px\" \/><\/a><figcaption> Kobudo &#8211; Alte Kriegskunst<\/figcaption><\/figure>\n","protected":false},"excerpt":{"rendered":"<p>Kenjutsu (Schwertkampfkunst) ist der Oberbegriff f\u00fcr alle Arten der japanischen Schwertkampfkunst. Kenjutsu geh\u00f6rt zu den alten Kriegsk\u00fcnsten \u2013 Kobud\u014d. Beim Kenjutsu erlernten die Samurai den Umgang mit dem Schwert um im Kampf und auf dem Schlachtfeld bestehen zu k\u00f6nnen. Kenjutsu ist das eigentliche K\u00e4mpfen mit dem Schwert gegen einen Gegner und das Erlernen von Techniken [&hellip;]<\/p>\n","protected":false},"author":1,"featured_media":0,"parent":0,"menu_order":0,"comment_status":"closed","ping_status":"closed","template":"","meta":[],"acf":[],"_links":{"self":[{"href":"https:\/\/kampfkunstschule-wuppertal.de\/iaido\/wp-json\/wp\/v2\/pages\/51"}],"collection":[{"href":"https:\/\/kampfkunstschule-wuppertal.de\/iaido\/wp-json\/wp\/v2\/pages"}],"about":[{"href":"https:\/\/kampfkunstschule-wuppertal.de\/iaido\/wp-json\/wp\/v2\/types\/page"}],"author":[{"embeddable":true,"href":"https:\/\/kampfkunstschule-wuppertal.de\/iaido\/wp-json\/wp\/v2\/users\/1"}],"replies":[{"embeddable":true,"href":"https:\/\/kampfkunstschule-wuppertal.de\/iaido\/wp-json\/wp\/v2\/comments?post=51"}],"version-history":[{"count":5,"href":"https:\/\/kampfkunstschule-wuppertal.de\/iaido\/wp-json\/wp\/v2\/pages\/51\/revisions"}],"predecessor-version":[{"id":225,"href":"https:\/\/kampfkunstschule-wuppertal.de\/iaido\/wp-json\/wp\/v2\/pages\/51\/revisions\/225"}],"wp:attachment":[{"href":"https:\/\/kampfkunstschule-wuppertal.de\/iaido\/wp-json\/wp\/v2\/media?parent=51"}],"curies":[{"name":"wp","href":"https:\/\/api.w.org\/{rel}","templated":true}]}}