{"id":94,"date":"2019-03-01T21:03:03","date_gmt":"2019-03-01T20:03:03","guid":{"rendered":"https:\/\/kampfkunstschule-wuppertal.de\/atk\/?page_id=94"},"modified":"2022-05-02T09:40:56","modified_gmt":"2022-05-02T07:40:56","slug":"meister-innen","status":"publish","type":"page","link":"https:\/\/kampfkunstschule-wuppertal.de\/atk\/meister-innen\/","title":{"rendered":"Meister\/innen"},"content":{"rendered":"\n<h2><strong>ATK Meister\/innen in Deutschland \/ ITA, AUS &#8211; ab 4. Dan &#8211; original ATK in der BAE<\/strong><\/h2>\n\n\n\n<figure class=\"wp-block-table\"><table><tbody><tr><td>Horst Weiland &#8211; Cheftrainer&nbsp;&nbsp;<\/td><td>10. Dan&nbsp;&nbsp;<\/td><td>Wilhelmshaven Begr\u00fcnder des ATK (verstorb. 2007)<\/td><\/tr><tr><td>Hanna Weiland<\/td><td>9. Dan<\/td><td>Wilhelmshaven<\/td><\/tr><tr><td>Norbert Fritz<\/td><td>9. Dan<\/td><td>Bremen<\/td><\/tr><tr><td>Joachim M\u00f6ller<\/td><td>7. Dan<\/td><td>Berlin<\/td><\/tr><tr><td>Claude Weiland<\/td><td>7. Dan<\/td><td>Wilhelmshaven<\/td><\/tr><tr><td>Martin S\u00fclz<\/td><td>7. Dan<\/td><td>Wuppertal<\/td><\/tr><tr><td>Nino Farinella<\/td><td>6. Dan<\/td><td>Pettralia Sotane \/ Italien<\/td><\/tr><tr><td>Kurt Steube<\/td><td>6. Dan<\/td><td>Hannover<\/td><\/tr><tr><td>Uwe Johannson<\/td><td>6. Dan<\/td><td>Baiersbronn<\/td><\/tr><tr><td>Kai M. Jacobi<\/td><td>6. Dan<\/td><td>Wuppertal<\/td><\/tr><tr><td>Peter Gevatter<\/td><td>6. Dan<\/td><td>Osterholz Scharmbeck<\/td><\/tr><tr><td>Frank Belder<\/td><td>6. Dan<\/td><td>Berlin<\/td><\/tr><tr><td>Andreas Schopper<\/td><td>6. Dan<\/td><td>M\u00fcnchen<\/td><\/tr><tr><td>Andreas Tiefengraben<\/td><td>6. Dan<\/td><td>Neckarhausen<\/td><\/tr><tr><td>Mecit Sizmaz<\/td><td>6. Dan<\/td><td>Berlin<\/td><\/tr><tr><td>Andreas Walter<\/td><td>6. Dan<\/td><td>Wolfschlungen<\/td><\/tr><tr><td>Ronald Kiss<\/td><td>5. Dan<\/td><td>Wien \/ \u00d6sterreich<\/td><\/tr><tr><td>Karl Heinz Heppe<\/td><td>4. Dan<\/td><td>T\u00fcbingen<\/td><\/tr><tr><td>Stefan Handke<\/td><td>4. Dan<\/td><td>Osterholz Scharmbeck<\/td><\/tr><tr><td>G\u00fcnther Kolb<\/td><td>4. Dan<\/td><td>Leinfelden<\/td><\/tr><\/tbody><\/table><\/figure>\n\n\n\n<figure class=\"wp-block-image\"><img decoding=\"async\" loading=\"lazy\" width=\"555\" height=\"214\" src=\"https:\/\/www.kampfkunstschule-wuppertal.de\/atk\/wp-content\/uploads\/sites\/2\/2019\/03\/Lehrerlizenz_breit_555_214.jpg\" alt=\"\" class=\"wp-image-95\" srcset=\"https:\/\/kampfkunstschule-wuppertal.de\/atk\/wp-content\/uploads\/sites\/2\/2019\/03\/Lehrerlizenz_breit_555_214.jpg 555w, https:\/\/kampfkunstschule-wuppertal.de\/atk\/wp-content\/uploads\/sites\/2\/2019\/03\/Lehrerlizenz_breit_555_214-300x116.jpg 300w\" sizes=\"(max-width: 555px) 100vw, 555px\" \/><\/figure>\n\n\n\n<h1><strong>ATK Meister\/innen aus Wuppertal<\/strong><\/h1>\n\n\n\n<figure class=\"wp-block-table\"><table><tbody><tr><td>Herbert Bongs     <\/td><td>2. Dan<\/td><td>erster ATK Meister in Wuppertal (inaktiv)<\/td><\/tr><tr><td>Martin S\u00fclz<\/td><td>7. Dan<\/td><\/tr><tr><td>Kai M. Jacobi<\/td><td>6. Dan<\/td><\/tr><tr><td>Marc Mehmen&nbsp;&nbsp;&nbsp;<\/td><td>3. Dan<\/td><\/tr><tr><td>Claudia Rose-Reuter<\/td><td>2. Dan<\/td><\/tr><tr><td>Jessica Brasch<\/td><td>1. Dan<\/td><\/tr><tr><td>Artem Gontscharow<\/td><td>1. Dan<\/td><\/tr><tr><td>Marcus Gomolla<\/td><td>1. Dan<\/td><\/tr><tr><td>Sergej Berdikow<\/td><td>1. Dan<\/td><td><\/td><\/tr><tr><td>Joachim Klein<\/td><td>1. Dan<\/td><\/tr><tr><td>Johannes Bahr<\/td><td>1. Dan<\/td><td><\/td><\/tr><\/tbody><\/table><\/figure>\n\n\n\n<p><\/p>\n\n\n\n<div class=\"is-layout-flex wp-container-2 wp-block-columns\">\n<div class=\"is-layout-flow wp-block-column\" style=\"flex-basis:100%\">\n<figure class=\"wp-block-table\"><table><tbody><tr><td>Alexander Laub <\/td><td>2. Dan&nbsp;<\/td><td>(inaktiv)&nbsp;                                                            <\/td><\/tr><tr><td>Magnus Wolf<\/td><td>1. Dan<\/td><td>(inaktiv)<\/td><\/tr><tr><td>Markus Th\u00fcnchen<\/td><td>1. Dan<\/td><td>(inaktiv)<\/td><\/tr><tr><td>Boris Masurkewitz<\/td><td>1. Dan<\/td><td>(inaktiv)<\/td><\/tr><tr><td>Antonio Kahlert<\/td><td>1. Dan<\/td><td>(inaktiv)<\/td><\/tr><tr><td>Stephan Weinfurth<\/td><td>1. Dan<\/td><td>(inaktiv)<\/td><\/tr><tr><td>Dr. Peter Fax<\/td><td>1. Dan<\/td><td>(ehem. Wuppertal)<\/td><\/tr><tr><td>Tobias Ohm<\/td><td>1. Dan<\/td><td>(ehem. Wuppertal)<\/td><\/tr><tr><td>Volker von Dombrowski<\/td><td>1. Dan&nbsp;<\/td><td>(ehem. Wuppertal)<\/td><\/tr><tr><td>Michael Middelhus<\/td><td>1. Dan&nbsp;<\/td><td>(ehem. Wuppertal)&nbsp;<\/td><\/tr><tr><td>J\u00fcrgen Brokop<\/td><td>1. Dan&nbsp;<\/td><td>(ehem. Wuppertal)&nbsp;<\/td><\/tr><\/tbody><\/table><\/figure>\n<\/div>\n<\/div>\n","protected":false},"excerpt":{"rendered":"<p>ATK Meister\/innen in Deutschland \/ ITA, AUS &#8211; ab 4. Dan &#8211; original ATK in der BAE Horst Weiland &#8211; Cheftrainer&nbsp;&nbsp; 10. Dan&nbsp;&nbsp; Wilhelmshaven Begr\u00fcnder des ATK (verstorb. 2007) Hanna Weiland 9. Dan Wilhelmshaven Norbert Fritz 9. Dan Bremen Joachim M\u00f6ller 7. Dan Berlin Claude Weiland 7. Dan Wilhelmshaven Martin S\u00fclz 7. Dan Wuppertal Nino [&hellip;]<\/p>\n","protected":false},"author":1,"featured_media":0,"parent":0,"menu_order":0,"comment_status":"closed","ping_status":"closed","template":"","meta":[],"acf":[],"_links":{"self":[{"href":"https:\/\/kampfkunstschule-wuppertal.de\/atk\/wp-json\/wp\/v2\/pages\/94"}],"collection":[{"href":"https:\/\/kampfkunstschule-wuppertal.de\/atk\/wp-json\/wp\/v2\/pages"}],"about":[{"href":"https:\/\/kampfkunstschule-wuppertal.de\/atk\/wp-json\/wp\/v2\/types\/page"}],"author":[{"embeddable":true,"href":"https:\/\/kampfkunstschule-wuppertal.de\/atk\/wp-json\/wp\/v2\/users\/1"}],"replies":[{"embeddable":true,"href":"https:\/\/kampfkunstschule-wuppertal.de\/atk\/wp-json\/wp\/v2\/comments?post=94"}],"version-history":[{"count":10,"href":"https:\/\/kampfkunstschule-wuppertal.de\/atk\/wp-json\/wp\/v2\/pages\/94\/revisions"}],"predecessor-version":[{"id":255,"href":"https:\/\/kampfkunstschule-wuppertal.de\/atk\/wp-json\/wp\/v2\/pages\/94\/revisions\/255"}],"wp:attachment":[{"href":"https:\/\/kampfkunstschule-wuppertal.de\/atk\/wp-json\/wp\/v2\/media?parent=94"}],"curies":[{"name":"wp","href":"https:\/\/api.w.org\/{rel}","templated":true}]}}