{"id":70,"date":"2019-03-01T20:45:24","date_gmt":"2019-03-01T19:45:24","guid":{"rendered":"https:\/\/kampfkunstschule-wuppertal.de\/atk\/?page_id=70"},"modified":"2022-06-21T11:08:30","modified_gmt":"2022-06-21T09:08:30","slug":"atk-sv-in-wuppertal","status":"publish","type":"page","link":"https:\/\/kampfkunstschule-wuppertal.de\/atk\/atk-sv-in-wuppertal\/","title":{"rendered":"ATK-SV in Wuppertal"},"content":{"rendered":"\n<p>In Wuppertal wird die originale&nbsp;<strong>ATK-SV<\/strong>&nbsp;&#8211; der&nbsp;<strong><em>BAE<\/em><\/strong>&nbsp;nach&nbsp;<strong>Horst Weiland<\/strong>&nbsp;gelehrt.<\/p>\n\n\n\n<p>Im Jahr 1967 besuchte Horst Weiland die&nbsp;<strong>Allkampf Schule Asahi<\/strong>&nbsp;in Wuppertal und stellte dort zum ersten Mal das von ihm entwickelte Selbstverteidigungssystem \u201eTerrorkampf\u201c vor. Dieses damals revolution\u00e4re SV-System wurde in Wuppertal begeistert aufgenommen und in der Schule weiterbetrieben.<\/p>\n\n\n\n<p>Eine erste ATK Gruppe trainierte dann in den 1970er Jahren in der&nbsp;<strong>Judo Schule Barmen<\/strong>.&nbsp;Einer der ersten Sch\u00fcler dieser Gruppe war Herbert Bongs, der schlie\u00dflich 1980 die Pr\u00fcfung zum 1. Dan ablegte.<\/p>\n\n\n\n<div class=\"wp-block-image\"><figure class=\"alignleft is-resized\"><img decoding=\"async\" loading=\"lazy\" src=\"https:\/\/www.kampfkunstschule-wuppertal.de\/atk\/wp-content\/uploads\/sites\/2\/2019\/03\/ATK_1979___H.und_.G._Bongs___JS_Wuppertal_563_422.jpg\" alt=\"\" class=\"wp-image-71\" width=\"282\" height=\"211\" srcset=\"https:\/\/kampfkunstschule-wuppertal.de\/atk\/wp-content\/uploads\/sites\/2\/2019\/03\/ATK_1979___H.und_.G._Bongs___JS_Wuppertal_563_422.jpg 563w, https:\/\/kampfkunstschule-wuppertal.de\/atk\/wp-content\/uploads\/sites\/2\/2019\/03\/ATK_1979___H.und_.G._Bongs___JS_Wuppertal_563_422-300x225.jpg 300w\" sizes=\"(max-width: 282px) 100vw, 282px\" \/><figcaption> ATK 1979 in der Judo Schule Barmen &#8211; Herbert und Gerd Bongs<\/figcaption><\/figure><\/div>\n\n\n\n<p>1981 gr\u00fcndete Herbert Bongs die erste selbstst\u00e4ndige ATK Gruppe, die&nbsp;<strong>ATK Interessengemeinschaft Wuppertal<\/strong>. Diese Gruppe trainierte bis 1984 in Wuppertal-Barmen und zog dann in neue R\u00e4umlichkeiten nach Wuppertal-Elberfeld.<\/p>\n\n\n\n<p>Unter der Bezeichnung&nbsp;<strong>SDS Wuppertal<\/strong>&nbsp;(Studio der Selbstverteidigung) leitete Herbert Bongs die Schule, bis er sich 1999 zur\u00fcckzog und sie an seine langj\u00e4hrigen Sch\u00fcler Martin S\u00fclz und Kai Marcus Jacobi \u00fcbergab. Diese wandelten die Schule in einen Verein um und zogen 2001 noch einmal um.<\/p>\n\n\n\n<p>ATK wird nun in der&nbsp;<strong>Schule f\u00fcr Kampfkunst Wuppertal e.V.<\/strong>&nbsp;gelehrt.<\/p>\n\n\n\n<p>Seit 2001 haben zahlreiche Sch\u00fcler erfolgreich Danpr\u00fcfungen abgelegt; die beiden Vereinsvorsitzenden Martin S\u00fclz (7. Dan) und Kai Marcus Jacobi (6. Dan)\u00a0geh\u00f6ren zu den h\u00f6chst graduierten ATK-Meistern in Deutschland. Martin S\u00fclz ist dar\u00fcber hinaus als Fachwart der Landesgruppe West innerhalb der BAE f\u00fcr die Ausbildung der dazugeh\u00f6rigen Schulen und Vereine zust\u00e4ndig.<\/p>\n\n\n\n<p>Im Jahr 2009 richtete die Schule das erste ATK world Seminar in Wuppertal aus.<\/p>\n\n\n\n<p>F\u00fcr die Arbeit in den in der Schule gelehrten Disziplinen, speziell aber f\u00fcr ihre Arbeit in der ATK-SV, erhielt der Verein den \u201eDeutschen Kampfkunstpreis\u201c (<a href=\"http:\/\/www.deutscher-kampfkunstpreis.de\/\">www.deutscher-kampfkunstpreis.de<\/a>) in der Kategorie:&nbsp;<strong>Dojo des Jahres 2012<\/strong>.<\/p>\n\n\n\n<figure class=\"wp-block-image is-resized\"><img decoding=\"async\" loading=\"lazy\" src=\"https:\/\/www.kampfkunstschule-wuppertal.de\/atk\/wp-content\/uploads\/sites\/2\/2019\/03\/ATK_Unterricht_917_533.jpg\" alt=\"\" class=\"wp-image-72\" width=\"459\" height=\"267\" srcset=\"https:\/\/kampfkunstschule-wuppertal.de\/atk\/wp-content\/uploads\/sites\/2\/2019\/03\/ATK_Unterricht_917_533.jpg 917w, https:\/\/kampfkunstschule-wuppertal.de\/atk\/wp-content\/uploads\/sites\/2\/2019\/03\/ATK_Unterricht_917_533-300x174.jpg 300w, https:\/\/kampfkunstschule-wuppertal.de\/atk\/wp-content\/uploads\/sites\/2\/2019\/03\/ATK_Unterricht_917_533-768x446.jpg 768w\" sizes=\"(max-width: 459px) 100vw, 459px\" \/><figcaption> ATK Unterricht in Wuppertal<\/figcaption><\/figure>\n\n\n\n<p>Die in Wuppertal praktizierte ATK-SV hat einen sehr guten Ruf und die Meister der Schule arbeiten als Referenten nicht nur innerhalb der BAE, sondern auch als Gastreferenten in anderen Schulen und Vereinen, um diesen die original ATK-SV n\u00e4her zu bringen.<\/p>\n","protected":false},"excerpt":{"rendered":"<p>In Wuppertal wird die originale&nbsp;ATK-SV&nbsp;&#8211; der&nbsp;BAE&nbsp;nach&nbsp;Horst Weiland&nbsp;gelehrt. Im Jahr 1967 besuchte Horst Weiland die&nbsp;Allkampf Schule Asahi&nbsp;in Wuppertal und stellte dort zum ersten Mal das von ihm entwickelte Selbstverteidigungssystem \u201eTerrorkampf\u201c vor. Dieses damals revolution\u00e4re SV-System wurde in Wuppertal begeistert aufgenommen und in der Schule weiterbetrieben. Eine erste ATK Gruppe trainierte dann in den 1970er Jahren in [&hellip;]<\/p>\n","protected":false},"author":1,"featured_media":0,"parent":0,"menu_order":0,"comment_status":"closed","ping_status":"closed","template":"","meta":[],"acf":[],"_links":{"self":[{"href":"https:\/\/kampfkunstschule-wuppertal.de\/atk\/wp-json\/wp\/v2\/pages\/70"}],"collection":[{"href":"https:\/\/kampfkunstschule-wuppertal.de\/atk\/wp-json\/wp\/v2\/pages"}],"about":[{"href":"https:\/\/kampfkunstschule-wuppertal.de\/atk\/wp-json\/wp\/v2\/types\/page"}],"author":[{"embeddable":true,"href":"https:\/\/kampfkunstschule-wuppertal.de\/atk\/wp-json\/wp\/v2\/users\/1"}],"replies":[{"embeddable":true,"href":"https:\/\/kampfkunstschule-wuppertal.de\/atk\/wp-json\/wp\/v2\/comments?post=70"}],"version-history":[{"count":6,"href":"https:\/\/kampfkunstschule-wuppertal.de\/atk\/wp-json\/wp\/v2\/pages\/70\/revisions"}],"predecessor-version":[{"id":262,"href":"https:\/\/kampfkunstschule-wuppertal.de\/atk\/wp-json\/wp\/v2\/pages\/70\/revisions\/262"}],"wp:attachment":[{"href":"https:\/\/kampfkunstschule-wuppertal.de\/atk\/wp-json\/wp\/v2\/media?parent=70"}],"curies":[{"name":"wp","href":"https:\/\/api.w.org\/{rel}","templated":true}]}}