{"id":53,"date":"2019-03-01T20:37:48","date_gmt":"2019-03-01T19:37:48","guid":{"rendered":"https:\/\/kampfkunstschule-wuppertal.de\/atk\/?page_id=53"},"modified":"2019-03-24T00:48:38","modified_gmt":"2019-03-23T23:48:38","slug":"atk-kyoshu","status":"publish","type":"page","link":"https:\/\/kampfkunstschule-wuppertal.de\/atk\/atk-kyoshu\/","title":{"rendered":"ATK\/Kyoshu"},"content":{"rendered":"\n<h2>Die ATK-SV \u2013 moderner denn je<\/h2>\n\n\n\n<div class=\"wp-block-image\"><figure class=\"alignright\"><img decoding=\"async\" loading=\"lazy\" width=\"199\" height=\"300\" src=\"https:\/\/www.kampfkunstschule-wuppertal.de\/atk\/wp-content\/uploads\/sites\/2\/2019\/03\/Martin_Suelz__5.Dan_ATK__SV_in_der_Anwendung_653_986-199x300.jpg\" alt=\"\" class=\"wp-image-54\" srcset=\"https:\/\/kampfkunstschule-wuppertal.de\/atk\/wp-content\/uploads\/sites\/2\/2019\/03\/Martin_Suelz__5.Dan_ATK__SV_in_der_Anwendung_653_986-199x300.jpg 199w, https:\/\/kampfkunstschule-wuppertal.de\/atk\/wp-content\/uploads\/sites\/2\/2019\/03\/Martin_Suelz__5.Dan_ATK__SV_in_der_Anwendung_653_986.jpg 653w\" sizes=\"(max-width: 199px) 100vw, 199px\" \/><figcaption> Praxisorientierte SV mit Nervendrucktechniken ATK <\/figcaption><\/figure><\/div>\n\n\n\n<p>In letzter Zeit lassen sich zunehmend insbesondere auf Lehrg\u00e4ngen, in Foren und in Fachzeitschriften Tendenzen erkennen, dass das Angehen der Vitalpunkte des menschlichen K\u00f6rpers in der Selbstverteidigung (SV) besondere Bedeutung bekommt.<\/p>\n\n\n\n<p>Das gilt f\u00fcr traditionelle Systeme wie z.B. dem Jiu-Jitsu, insbesondere aber f\u00fcr das wiederentdeckte Kyusho-Jitsu, das derzeit als Kampfkunstinnovation angesehen wird und in aller Munde ist. So werden im Ky\u016bsho-Jitsu durch Stimulation von empfindlichen K\u00f6rperstellen die energetischen und neurologischen Abl\u00e4ufe im menschlichen K\u00f6rper so beeinflusst, dass seine Funktionsf\u00e4higkeit empfindlich gest\u00f6rt wird. Auftreten k\u00f6nnen u.a. Schmerz, Gleichgewichtsst\u00f6rungen und Kraftverlust bis hin zum Verlust des Bewusstseins. Besonderer Inhalt des Systems ist die Kenntnis um die St\u00e4rken und Schw\u00e4chen des menschlichen K\u00f6rpers.<\/p>\n\n\n\n<p>Orientiert man sich an dieser Systembeschreibung,&nbsp;fallen einem unmittelbar Parallelen zu der Anti-Terrorkampf-Selbstverteidigung (ATK-SV) auf. Auch die ATK-SV ist ein System, in dem gezielt Nervendruckpunkte und empfindliche K\u00f6rperstellen angegangen werden. Die einzelnen Techniken bewirken sofortige Bewegungsunf\u00e4higkeit des Gegners, ohne ihn jedoch ernsthaft zu verletzen. Dieses Konzept erm\u00f6glicht es, jeden Griff in jeder Lage zu dosieren. Zu den technischen Besonderheiten des ATK-Systems geh\u00f6ren die Methoden des Nervendrucks und des Rei\u00dfens sowie der Gebrauch der Handkralle als \u201cnat\u00fcrlicher Waffe\u201d.<\/p>\n\n\n\n<div class=\"wp-block-image\"><figure class=\"alignleft\"><img decoding=\"async\" loading=\"lazy\" width=\"199\" height=\"300\" src=\"https:\/\/www.kampfkunstschule-wuppertal.de\/atk\/wp-content\/uploads\/sites\/2\/2019\/03\/Kyusho_im_ATK_653_986-199x300.jpg\" alt=\"\" class=\"wp-image-55\" srcset=\"https:\/\/kampfkunstschule-wuppertal.de\/atk\/wp-content\/uploads\/sites\/2\/2019\/03\/Kyusho_im_ATK_653_986-199x300.jpg 199w, https:\/\/kampfkunstschule-wuppertal.de\/atk\/wp-content\/uploads\/sites\/2\/2019\/03\/Kyusho_im_ATK_653_986.jpg 653w\" sizes=\"(max-width: 199px) 100vw, 199px\" \/><figcaption> Kyoshu im ATK <\/figcaption><\/figure><\/div>\n\n\n\n<p>Auch wenn sich Technikans\u00e4tze und Zielrichtung beider Systeme schlecht vergleichen lassen, so steht doch mit der von Horst Weiland entwickelten ATK-SV eine seit nunmehr fast 50 Jahren erprobte und etablierte Selbstverteidigung zur Verf\u00fcgung, deren Grundprinzip es seit jeher ist, die Schwachstellen des menschlichen K\u00f6rpers auszunutzen. Im Gegensatz zum Kyusho-Jitsu handelt es sich bei der ATK-SV um ein komplettes SV-System, das z.B. auch den Einsatz von Waffen zur Selbstverteidigung zum Inhalt hat. Denn nur wer auch mit einer Waffe umgehen kann, hat im Ernstfall eine Chance, sich gegen sie zu verteidigen. Dar\u00fcber hinaus sind fundierte Anatomiekenntnisse wesentlicher Inhalt des theoretischen Teils jeder h\u00f6heren ATK-G\u00fcrtelpr\u00fcfung. Die ATK-SV geht als System also weit \u00fcber den Kyusho Ansatz hinaus bzw. bettet ihn in eine realistische und effektive Selbstverteidigung ein.<\/p>\n\n\n\n<p>Der vision\u00e4re Ansatz der ATK-SV zeigt sich in vollem Umfang eigentlich erst heute und ist daher moderner denn je. Man kann letztlich nicht oft genug betonen, dass Horst Weiland seiner Zeit weit voraus war. Jetzt gilt es, sein Erbe anzunehmen und fortzuf\u00fchren. Der jetzige Trend bietet die einmalige Chance, die ATK-SV durch Betonung der urtypischen Systemmerkmale popul\u00e4rer zu machen und noch mehr in den Focus zu r\u00fccken.<\/p>\n\n\n\n<p>Kai M. Jacobi<\/p>\n","protected":false},"excerpt":{"rendered":"<p>Die ATK-SV \u2013 moderner denn je In letzter Zeit lassen sich zunehmend insbesondere auf Lehrg\u00e4ngen, in Foren und in Fachzeitschriften Tendenzen erkennen, dass das Angehen der Vitalpunkte des menschlichen K\u00f6rpers in der Selbstverteidigung (SV) besondere Bedeutung bekommt. Das gilt f\u00fcr traditionelle Systeme wie z.B. dem Jiu-Jitsu, insbesondere aber f\u00fcr das wiederentdeckte Kyusho-Jitsu, das derzeit als [&hellip;]<\/p>\n","protected":false},"author":1,"featured_media":0,"parent":0,"menu_order":0,"comment_status":"closed","ping_status":"closed","template":"","meta":[],"acf":[],"_links":{"self":[{"href":"https:\/\/kampfkunstschule-wuppertal.de\/atk\/wp-json\/wp\/v2\/pages\/53"}],"collection":[{"href":"https:\/\/kampfkunstschule-wuppertal.de\/atk\/wp-json\/wp\/v2\/pages"}],"about":[{"href":"https:\/\/kampfkunstschule-wuppertal.de\/atk\/wp-json\/wp\/v2\/types\/page"}],"author":[{"embeddable":true,"href":"https:\/\/kampfkunstschule-wuppertal.de\/atk\/wp-json\/wp\/v2\/users\/1"}],"replies":[{"embeddable":true,"href":"https:\/\/kampfkunstschule-wuppertal.de\/atk\/wp-json\/wp\/v2\/comments?post=53"}],"version-history":[{"count":3,"href":"https:\/\/kampfkunstschule-wuppertal.de\/atk\/wp-json\/wp\/v2\/pages\/53\/revisions"}],"predecessor-version":[{"id":193,"href":"https:\/\/kampfkunstschule-wuppertal.de\/atk\/wp-json\/wp\/v2\/pages\/53\/revisions\/193"}],"wp:attachment":[{"href":"https:\/\/kampfkunstschule-wuppertal.de\/atk\/wp-json\/wp\/v2\/media?parent=53"}],"curies":[{"name":"wp","href":"https:\/\/api.w.org\/{rel}","templated":true}]}}