{"id":49,"date":"2019-03-01T20:34:36","date_gmt":"2019-03-01T19:34:36","guid":{"rendered":"https:\/\/kampfkunstschule-wuppertal.de\/atk\/?page_id=49"},"modified":"2019-03-24T00:48:24","modified_gmt":"2019-03-23T23:48:24","slug":"weiterbildung","status":"publish","type":"page","link":"https:\/\/kampfkunstschule-wuppertal.de\/atk\/weiterbildung\/","title":{"rendered":"Weiterbildung"},"content":{"rendered":"\n<h2>ATK-SV Weiterbildungssystem<\/h2>\n\n\n\n<p><strong>ATK regio Seminar<\/strong><br>Hier werden in den einzelnen Landesgruppen, sowohl f\u00fcr die Mitglieder als auch f\u00fcr Externe, Lehrg\u00e4nge angeboten, die bestimmte Themen behandeln.<\/p>\n\n\n\n<p><strong>ATK germany Seminar<\/strong><br>Hier werden auf Bundesebene Lehrg\u00e4nge abgehalten.<\/p>\n\n\n\n<p><strong>vario Seminar<\/strong><br>Kombinationslehrgang auf Landes- und Bundesebene.<\/p>\n\n\n\n<p><strong>combo Seminar<\/strong><br>BAE Lehrg\u00e4nge, bei denen verschiedene Systeme unterrichtet werden. ATK, Jiu Jitsu, Ajukate, ASD Karate usw.<\/p>\n\n\n\n<p><strong>Expert Seminar<\/strong><br>Expertseminare haben Themen zum Inhalt, die meistens au\u00dferhalb der Schulen trainiert werden, wie zum Beispiel: Schusswaffen Ausbildung, Training in besonderem Umfeld, Training unter besonderen Einfl\u00fcssen.<\/p>\n\n\n\n<p><strong>ATK world Seminar<\/strong><br>ATK world Seminare finden alle zwei Jahre europaweit statt.<\/p>\n\n\n\n<p>2009 Wuppertal<br>2011 Wien<br>2013 Wilhelmshaven &#8211; Jubil\u00e4um 50 Jahre ATK&nbsp;<br>2015 Stuttgart \/ Leinfelden<\/p>\n\n\n\n<p>\u00dcber die Lehrg\u00e4nge informiert die&nbsp;<strong><a href=\"http:\/\/www.b-a-e.de\/\" target=\"_blank\" rel=\"noreferrer noopener\">Homepage der BAE<\/a><\/strong><\/p>\n\n\n\n<figure class=\"wp-block-image is-resized\"><a href=\"https:\/\/www.kampfkunstschule-wuppertal.de\/atk\/wp-content\/uploads\/sites\/2\/2019\/03\/Notwehrrecht_regio_986_653.jpg\" target=\"_blank\" rel=\"noreferrer noopener\"><img decoding=\"async\" loading=\"lazy\" src=\"https:\/\/www.kampfkunstschule-wuppertal.de\/atk\/wp-content\/uploads\/sites\/2\/2019\/03\/Notwehrrecht_regio_986_653-300x199.jpg\" alt=\"\" class=\"wp-image-51\" width=\"493\" height=\"326\" srcset=\"https:\/\/kampfkunstschule-wuppertal.de\/atk\/wp-content\/uploads\/sites\/2\/2019\/03\/Notwehrrecht_regio_986_653-300x199.jpg 300w, https:\/\/kampfkunstschule-wuppertal.de\/atk\/wp-content\/uploads\/sites\/2\/2019\/03\/Notwehrrecht_regio_986_653-768x509.jpg 768w, https:\/\/kampfkunstschule-wuppertal.de\/atk\/wp-content\/uploads\/sites\/2\/2019\/03\/Notwehrrecht_regio_986_653.jpg 986w\" sizes=\"(max-width: 493px) 100vw, 493px\" \/><\/a><figcaption> Theoretische Ausbildung zum Thema Recht  <\/figcaption><\/figure>\n","protected":false},"excerpt":{"rendered":"<p>ATK-SV Weiterbildungssystem ATK regio SeminarHier werden in den einzelnen Landesgruppen, sowohl f\u00fcr die Mitglieder als auch f\u00fcr Externe, Lehrg\u00e4nge angeboten, die bestimmte Themen behandeln. ATK germany SeminarHier werden auf Bundesebene Lehrg\u00e4nge abgehalten. vario SeminarKombinationslehrgang auf Landes- und Bundesebene. combo SeminarBAE Lehrg\u00e4nge, bei denen verschiedene Systeme unterrichtet werden. ATK, Jiu Jitsu, Ajukate, ASD Karate usw. Expert [&hellip;]<\/p>\n","protected":false},"author":1,"featured_media":0,"parent":0,"menu_order":0,"comment_status":"closed","ping_status":"closed","template":"","meta":[],"acf":[],"_links":{"self":[{"href":"https:\/\/kampfkunstschule-wuppertal.de\/atk\/wp-json\/wp\/v2\/pages\/49"}],"collection":[{"href":"https:\/\/kampfkunstschule-wuppertal.de\/atk\/wp-json\/wp\/v2\/pages"}],"about":[{"href":"https:\/\/kampfkunstschule-wuppertal.de\/atk\/wp-json\/wp\/v2\/types\/page"}],"author":[{"embeddable":true,"href":"https:\/\/kampfkunstschule-wuppertal.de\/atk\/wp-json\/wp\/v2\/users\/1"}],"replies":[{"embeddable":true,"href":"https:\/\/kampfkunstschule-wuppertal.de\/atk\/wp-json\/wp\/v2\/comments?post=49"}],"version-history":[{"count":3,"href":"https:\/\/kampfkunstschule-wuppertal.de\/atk\/wp-json\/wp\/v2\/pages\/49\/revisions"}],"predecessor-version":[{"id":192,"href":"https:\/\/kampfkunstschule-wuppertal.de\/atk\/wp-json\/wp\/v2\/pages\/49\/revisions\/192"}],"wp:attachment":[{"href":"https:\/\/kampfkunstschule-wuppertal.de\/atk\/wp-json\/wp\/v2\/media?parent=49"}],"curies":[{"name":"wp","href":"https:\/\/api.w.org\/{rel}","templated":true}]}}