{"id":46,"date":"2019-03-01T20:33:30","date_gmt":"2019-03-01T19:33:30","guid":{"rendered":"https:\/\/kampfkunstschule-wuppertal.de\/atk\/?page_id=46"},"modified":"2019-03-24T00:48:13","modified_gmt":"2019-03-23T23:48:13","slug":"der-atk-anzug","status":"publish","type":"page","link":"https:\/\/kampfkunstschule-wuppertal.de\/atk\/der-atk-anzug\/","title":{"rendered":"Der ATK Anzug"},"content":{"rendered":"\n<p>Der ATK Anzug ist ein schwarzer Kampfanzug im japanischen Schnitt (Gi). Dazu wird der G\u00fcrtel mit der entsprechenden Farbe getragen.<\/p>\n\n\n\n<p>Der Anzug ist schwarz, da ATK auch im Freien praktiziert wird. Auf dem R\u00fccken ist der Anzug mit dem Symbol des Systems, der goldenen Kralle, bestickt. Die ATK Kralle ist gesetzlich gesch\u00fctzt.<\/p>\n\n\n\n<p>Es werden schwarze Mattenstiefel getragen, die ihren Ursprung in Ringerstiefeln haben. Au\u00dferdem werden d\u00fcnne, schwarze Lederhandschuhe getragen. Sie sch\u00fctzen vor Kratzern und Verletzungen im Gesicht und am Hals.<\/p>\n\n\n\n<p>Der ATK Anzug ist mit den folgenden Abzeichen zu versehen:<\/p>\n\n\n\n<p>1. Vereinsabzeichen<br>2. Nationalit\u00e4tsabzeichen<br>3. Aufn\u00e4her der BAE (fr\u00fcher ATKAE)<br>4. Ab Gr\u00fcngurt: rote Kralle<br>5. Ab Erwerb der entsprechenden Lizenz: Assistenten-, Trainer-, Lehrer-, EDC Instrukteur-Abzeichen<br>6. Ab abgelegter \u201eN\u201c-Pr\u00fcfung: Survivalabzeichen und Graduierungsbalken<\/p>\n\n\n\n<figure class=\"wp-block-image is-resized\"><img decoding=\"async\" loading=\"lazy\" src=\"https:\/\/www.kampfkunstschule-wuppertal.de\/atk\/wp-content\/uploads\/sites\/2\/2019\/03\/Joachim_Klein_1.Dan_ATK_422_563-225x300.jpg\" alt=\"\" class=\"wp-image-47\" width=\"300\" height=\"400\" srcset=\"https:\/\/kampfkunstschule-wuppertal.de\/atk\/wp-content\/uploads\/sites\/2\/2019\/03\/Joachim_Klein_1.Dan_ATK_422_563-225x300.jpg 225w, https:\/\/kampfkunstschule-wuppertal.de\/atk\/wp-content\/uploads\/sites\/2\/2019\/03\/Joachim_Klein_1.Dan_ATK_422_563.jpg 422w\" sizes=\"(max-width: 300px) 100vw, 300px\" \/><figcaption> Der korrekte ATK Anzug <\/figcaption><\/figure>\n","protected":false},"excerpt":{"rendered":"<p>Der ATK Anzug ist ein schwarzer Kampfanzug im japanischen Schnitt (Gi). Dazu wird der G\u00fcrtel mit der entsprechenden Farbe getragen. Der Anzug ist schwarz, da ATK auch im Freien praktiziert wird. Auf dem R\u00fccken ist der Anzug mit dem Symbol des Systems, der goldenen Kralle, bestickt. Die ATK Kralle ist gesetzlich gesch\u00fctzt. Es werden schwarze [&hellip;]<\/p>\n","protected":false},"author":1,"featured_media":0,"parent":0,"menu_order":0,"comment_status":"closed","ping_status":"closed","template":"","meta":[],"acf":[],"_links":{"self":[{"href":"https:\/\/kampfkunstschule-wuppertal.de\/atk\/wp-json\/wp\/v2\/pages\/46"}],"collection":[{"href":"https:\/\/kampfkunstschule-wuppertal.de\/atk\/wp-json\/wp\/v2\/pages"}],"about":[{"href":"https:\/\/kampfkunstschule-wuppertal.de\/atk\/wp-json\/wp\/v2\/types\/page"}],"author":[{"embeddable":true,"href":"https:\/\/kampfkunstschule-wuppertal.de\/atk\/wp-json\/wp\/v2\/users\/1"}],"replies":[{"embeddable":true,"href":"https:\/\/kampfkunstschule-wuppertal.de\/atk\/wp-json\/wp\/v2\/comments?post=46"}],"version-history":[{"count":2,"href":"https:\/\/kampfkunstschule-wuppertal.de\/atk\/wp-json\/wp\/v2\/pages\/46\/revisions"}],"predecessor-version":[{"id":191,"href":"https:\/\/kampfkunstschule-wuppertal.de\/atk\/wp-json\/wp\/v2\/pages\/46\/revisions\/191"}],"wp:attachment":[{"href":"https:\/\/kampfkunstschule-wuppertal.de\/atk\/wp-json\/wp\/v2\/media?parent=46"}],"curies":[{"name":"wp","href":"https:\/\/api.w.org\/{rel}","templated":true}]}}