{"id":34,"date":"2019-03-01T20:27:21","date_gmt":"2019-03-01T19:27:21","guid":{"rendered":"https:\/\/kampfkunstschule-wuppertal.de\/atk\/?page_id=34"},"modified":"2019-03-24T00:47:49","modified_gmt":"2019-03-23T23:47:49","slug":"die-handkralle","status":"publish","type":"page","link":"https:\/\/kampfkunstschule-wuppertal.de\/atk\/die-handkralle\/","title":{"rendered":"Die Handkralle"},"content":{"rendered":"\n<p>Die Handkralle ist das Emblem der ATK-SV. Sie wurde ebenfalls von Horst Weiland kreiert und gesetzlich gesch\u00fctzt. Die Handkralle symbolisiert das Schlagen, Fassen und Rei\u00dfen.<\/p>\n\n\n\n<p>\u00dcber den Symbolcharakter hinaus ist die Handkralle von gro\u00dfem praktischen Wert in der realen Selbstverteidigung. Der ATK-K\u00e4mpfer setzt diese eher unkonventionelle Handhaltung \u00fcber das Schlagen, Fassen und Rei\u00dfen hinaus auch in der Grundstellung vor einem Angriff und w\u00e4hrend des Angriffs beim Abblocken eines Schlages ein.<\/p>\n\n\n\n<div class=\"wp-block-image\"><figure class=\"alignright is-resized\"><a href=\"https:\/\/www.kampfkunstschule-wuppertal.de\/atk\/wp-content\/uploads\/sites\/2\/2019\/03\/30_Jahre_ATK_851_1141.jpg\" target=\"_blank\" rel=\"noreferrer noopener\"><img decoding=\"async\" loading=\"lazy\" src=\"https:\/\/www.kampfkunstschule-wuppertal.de\/atk\/wp-content\/uploads\/sites\/2\/2019\/03\/30_Jahre_ATK_851_1141-224x300.jpg\" alt=\"\" class=\"wp-image-35\" width=\"300\" height=\"402\" srcset=\"https:\/\/kampfkunstschule-wuppertal.de\/atk\/wp-content\/uploads\/sites\/2\/2019\/03\/30_Jahre_ATK_851_1141-224x300.jpg 224w, https:\/\/kampfkunstschule-wuppertal.de\/atk\/wp-content\/uploads\/sites\/2\/2019\/03\/30_Jahre_ATK_851_1141-768x1030.jpg 768w, https:\/\/kampfkunstschule-wuppertal.de\/atk\/wp-content\/uploads\/sites\/2\/2019\/03\/30_Jahre_ATK_851_1141-764x1024.jpg 764w, https:\/\/kampfkunstschule-wuppertal.de\/atk\/wp-content\/uploads\/sites\/2\/2019\/03\/30_Jahre_ATK_851_1141.jpg 851w\" sizes=\"(max-width: 300px) 100vw, 300px\" \/><\/a><figcaption>Die Handkralle ist Waffe und Symbol der Anti Terror K\u00e4mpfer <\/figcaption><\/figure><\/div>\n\n\n\n<h2><strong>Vergleich der einzelnen Handhaltungen<\/strong><\/h2>\n\n\n\n<p>Ein Vergleich zeigt, dass die Handkralle allen anderen m\u00f6glichen Handhaltungen in Bezug auf ihre Zweckm\u00e4\u00dfigkeit \u00fcberlegen ist.<\/p>\n\n\n\n<p>Dem Verteidiger stehen in einer Notsituation in der Regel keine Waffen oder Gegenst\u00e4nde, die er als solche benutzen kann, zur Verf\u00fcgung. Er sieht sich daher gezwungen, die ihm gegebenen k\u00f6rperlichen M\u00f6glichkeiten voll auszusch\u00f6pfen und sie so einzusetzen, als w\u00e4ren sie Waffen. Neben den F\u00fc\u00dfen kann der Verteidiger als wichtigstes Verteidigungsmittel vor allem seine H\u00e4nde benutzen. W\u00e4hrend einer Auseinandersetzung werden die H\u00e4nde haupts\u00e4chlich zum Schlagen, Fassen und zur Schlagabwehr eingesetzt. Dabei ist aber zu ber\u00fccksichtigen, dass eine k\u00f6rperliche Konfrontation im ung\u00fcnstigsten Falle aus mehreren Bewegungsabl\u00e4ufen bzw. aus einer Serie von Verteidigungs- und Angriffstechniken bestehen kann. So kann auf einen Block eine Schlag- oder Fasstechnik, auf eine Schlag- eine Fasstechnik oder auf eine Fass- eine Schlagtechnik folgen. Daher sollte auch ein schneller Wechsel von der einen zur anderen Handhaltung m\u00f6glich sein. Eine zweckgebundene Handhaltung muss demnach diesen Anforderungen gerecht werden.<\/p>\n\n\n\n<h3><strong>Vor- und Nachteile der Faust<\/strong><\/h3>\n\n\n\n<p>Ballt der Verteidiger w\u00e4hrend des Kampfes seine Faust, so ist es ihm mit dieser Handhaltung m\u00f6glich, einen Schlag abzublocken und einen \u00e4u\u00dferst effektiven Fauststo\u00df, bzw. -schlag auszuf\u00fchren. Beabsichtigt der Verteidiger aber zu Blocken und mit der gleichen Hand zu greifen, so muss er seine Hand \u00f6ffnen und wieder schlie\u00dfen. Aufgrund der Schnelligkeit eines Angriffs wird ihm das nicht immer gelingen. Die gleichen Probleme ergeben sich, wenn er zuerst schl\u00e4gt, und dann fassen will.&nbsp;Die geschlossene Faust kann im Ergebnis zwar im Verteidigungsfall als Schlagwaffe \u00e4u\u00dferst wirkungsvoll eingesetzt werden, sie ist jedoch nicht in jeder Hinsicht zweckm\u00e4\u00dfig.<\/p>\n\n\n\n<h3><strong>Vor- und Nachteile der offenen Handhaltung<\/strong><\/h3>\n\n\n\n<p>Wird w\u00e4hrend der Notsituation \u00fcberwiegend eine offene Handhaltung mit gestreckten Fingern eingesetzt, sind die Probleme anders gelagert.&nbsp;Dem Verteidiger wird eine Schwachstelle des Angreifers vor Augen gef\u00fchrt. Er wird versuchen, die Finger zu greifen und zu hebeln. Aufgrund ihrer anatomischen Gegebenheiten besteht die Gefahr, dass die Finger bei solchen Aktionen brechen oder zumindest stark \u00fcberdehnt werden. Eine derart verletzte Hand ist im Ernstfall nicht mehr zu gebrauchen. Zum Schlagen ist die weit ge\u00f6ffneten Hand denkbar ungeeignet, denn es kann lediglich mit der Handkante geschlagen werden. Dar\u00fcber hinaus ist auch ein Fingerstich m\u00f6glich, dieser kann aber nur bei Weichteilen Wirkung entfalten. F\u00fcr einen wirkungsvollen Schlag muss daher die Hand zur Faust geschlossen werden. Auch besteht die Gefahr, dass die gestreckten Finger sich in der Kleidung des Angreifers verfangen und dadurch die Einsatzm\u00f6glichkeiten der Hand weit eingeschr\u00e4nkt werden. Vor allem wegen der Empfindlichkeit der einzelnen Finger ist eine Kampfhaltung mit einer \u00fcberwiegend offenen Hand mit gestreckten Fingern zu vermeiden.<\/p>\n\n\n\n<h3><strong>Vorteile der Krallenhand<\/strong><\/h3>\n\n\n\n<p>Bei der von den Anti-Terrork\u00e4mpfern benutzten Krallenhand werden die oberen zwei Gelenke der Finger in einem rechten Winkel so gebogen, dass die Fingern\u00e4gel sichtbar sind, wenn man die Handinnenseite betrachtet. Dabei ist darauf zu achten, dass zwischen den einzelnen Fingern ein Zwischenraum von gleicher Gr\u00f6\u00dfe verbleibt. Eine derartige Handhaltung erm\u00f6glicht es, die Muskeln der gesamten Hand anzuspannen. Dadurch wird die Hand insgesamt h\u00e4rter, widerstandsf\u00e4higer und damit auch unempfindlicher. Es wird einem Angreifer schwer gemacht, die Finger anzugreifen, um auf diese Art und Weise seinen Gegner zu schw\u00e4chen. In diesem Umstand ist ein entscheidender Vorteil gegen\u00fcber der offenen Handhaltung zu sehen. Auch eine wirkungsvolle Blocktechnik kann mit der Handkrallenkante ausgef\u00fchrt werden. Durch die Anspannung der Handmuskeln ist die Muskulatur unterhalb des kleinen Fingers so gest\u00e4rkt, dass ein Schlag effektiv und nahezu ohne Risiko abgeblockt werden kann. In diesem Bereich ergibt sich kein Nachteil gegen\u00fcber dem Block mit einem Unterarm. Nahezu das Gegenteil ist der Fall, denn die Unterarmknochen sind in der Regel nicht von einer sch\u00fctzenden Muskelschicht umgeben, es bestehen daher bei einem Unterarmblock erhebliche Verletzungsrisiken. Weitergehend kann die Krallenhand auch beim Schlagen wirkungsvoll eingesetzt werden. M\u00f6glich sind Schl\u00e4ge mit dem Handr\u00fccken, mit der Handkante und vor allem mit dem Handballen.<\/p>\n\n\n\n<div class=\"wp-block-image\"><figure class=\"alignleft\"><img decoding=\"async\" loading=\"lazy\" width=\"200\" height=\"200\" src=\"https:\/\/www.kampfkunstschule-wuppertal.de\/atk\/wp-content\/uploads\/sites\/2\/2019\/03\/atk_kralle_200_200.gif\" alt=\"\" class=\"wp-image-40\"\/><\/figure><\/div>\n\n\n\n<p>Als Schlagwaffe ist die Faust zwar wirkungsvoller, jedoch ist es dem Verteidiger m\u00f6glich, bei Bedarf die Krallenhand blitzschnell zu einer Faust zu schlie\u00dfen, um dann zuzuschlagen. Der ma\u00dfgebliche Vorteil der Krallenhand gegen\u00fcber der Faust liegt aber darin, dass mit ihr auch gefasst werden kann. Es ist daher m\u00f6glich, nach einem Block mit der Handkrallenkante sofort den Schlagarm zu erfassen und beispielsweise eine Wurf- oder Hebeltechnik anzusetzen.<\/p>\n\n\n\n<p>Dieser Vorteil der Krallenhand zeigt sich deutlich bei dem von den ATK-K\u00e4mpfern ausgef\u00fchrten Schockschlag zur Kehle des Angreifers, bei dem gleichzeitig auch gegen die Kehlkopfnerven gedr\u00fcckt wird. Der Angreifer wird durch diese Schlag\/Griffkombination nahezu sofort au\u00dfer Gefecht gesetzt. Eine derart effektive und f\u00fcr die ATK-Selbstverteidigung typische Technik kann nur mit der Krallenhand durchgef\u00fchrt werden.<\/p>\n\n\n\n<p>Auch das von den ATK-K\u00e4mpfern praktizierte Rei\u00dfen ist nur mit der Handkralle m\u00f6glich. Mit dieser Technik werden auch die Fingern\u00e4gel auf wirkungsvolle Art und Weise in die Selbstverteidigung eingebunden. Bei allen anderen Handhaltungen ist diese Einsatzm\u00f6glichkeit der Hand au\u00dfer Acht geblieben. Mit den Fingern\u00e4geln k\u00f6nnen kleinere Verletzungen in der Haut des Angreifers verursacht werden, die eine Schockwirkung hervorrufen k\u00f6nnen. Das Gef\u00fchl des \u201everletzt seins\u201c bringt den Verteidiger in eine psychologisch bessere Position. Eine weiterer Vorteil des Rei\u00dfens besteht in der Dosierbarkeit. Ein Angreifer kann leicht verletzt, geschockt oder wenigstens abgelenkt werden. Dabei ist keine besondere Kraftanstrengung n\u00f6tig, um die beabsichtigte Wirkung zu erzielen. Vor allem f\u00fcr Personen mit geringerer K\u00f6rperkraft ist das Rei\u00dfen daher wesentlicher Bestandteil der realen Selbstverteidigung.<\/p>\n\n\n\n<p>Die Vielseitigkeit der Handkrallen wird noch dadurch erh\u00f6ht, dass sie die Mittelstellung zwischen der offenen und der geschlossenen Handhaltung ist. Ein schnelles Wechseln von der einen zur anderen Handhaltung ist daher problemlos m\u00f6glich. Damit verschlie\u00dft sich die Krallenhand den anderen Handhaltungen nicht. Im Gegenteil, die Hand wird zu einem effektiven Werkzeug, das in der Verteidigung aber auch im Angriff je nach Bedarf zweckgebunden eingesetzt werden kann.<\/p>\n\n\n\n<h2><strong>Fazit<\/strong><\/h2>\n\n\n\n<p>Zusammenfassend l\u00e4sst sich sagen, dass die Krallenhand die spezifischen Vorteile der konventionellen Handhaltungen in sich vereint. Es wird daher gelingen, sich mit dieser Handhaltung, im Zusammenwirken mit den Verteidigungstechniken des ATK-Systems effektiv zu verteidigen.<\/p>\n\n\n\n<p>Kai M. Jacobi<\/p>\n","protected":false},"excerpt":{"rendered":"<p>Die Handkralle ist das Emblem der ATK-SV. Sie wurde ebenfalls von Horst Weiland kreiert und gesetzlich gesch\u00fctzt. Die Handkralle symbolisiert das Schlagen, Fassen und Rei\u00dfen. \u00dcber den Symbolcharakter hinaus ist die Handkralle von gro\u00dfem praktischen Wert in der realen Selbstverteidigung. Der ATK-K\u00e4mpfer setzt diese eher unkonventionelle Handhaltung \u00fcber das Schlagen, Fassen und Rei\u00dfen hinaus auch [&hellip;]<\/p>\n","protected":false},"author":1,"featured_media":0,"parent":0,"menu_order":0,"comment_status":"closed","ping_status":"closed","template":"","meta":[],"acf":[],"_links":{"self":[{"href":"https:\/\/kampfkunstschule-wuppertal.de\/atk\/wp-json\/wp\/v2\/pages\/34"}],"collection":[{"href":"https:\/\/kampfkunstschule-wuppertal.de\/atk\/wp-json\/wp\/v2\/pages"}],"about":[{"href":"https:\/\/kampfkunstschule-wuppertal.de\/atk\/wp-json\/wp\/v2\/types\/page"}],"author":[{"embeddable":true,"href":"https:\/\/kampfkunstschule-wuppertal.de\/atk\/wp-json\/wp\/v2\/users\/1"}],"replies":[{"embeddable":true,"href":"https:\/\/kampfkunstschule-wuppertal.de\/atk\/wp-json\/wp\/v2\/comments?post=34"}],"version-history":[{"count":6,"href":"https:\/\/kampfkunstschule-wuppertal.de\/atk\/wp-json\/wp\/v2\/pages\/34\/revisions"}],"predecessor-version":[{"id":189,"href":"https:\/\/kampfkunstschule-wuppertal.de\/atk\/wp-json\/wp\/v2\/pages\/34\/revisions\/189"}],"wp:attachment":[{"href":"https:\/\/kampfkunstschule-wuppertal.de\/atk\/wp-json\/wp\/v2\/media?parent=34"}],"curies":[{"name":"wp","href":"https:\/\/api.w.org\/{rel}","templated":true}]}}