{"id":110,"date":"2019-03-01T21:12:36","date_gmt":"2019-03-01T20:12:36","guid":{"rendered":"https:\/\/kampfkunstschule-wuppertal.de\/atk\/?page_id=110"},"modified":"2019-03-24T00:51:08","modified_gmt":"2019-03-23T23:51:08","slug":"atk-und-survival","status":"publish","type":"page","link":"https:\/\/kampfkunstschule-wuppertal.de\/atk\/atk-und-survival\/","title":{"rendered":"ATK und Survival"},"content":{"rendered":"\n<p>Die Survivalausbildung ist wesentlicher Bestandteil des ATK-Systems. Das zeigt u.a. sich darin, dass der der Nachweis von Survivalstunden ab einem bestimmten G\u00fcrtelgrad Zulassungsvoraussetzung zu G\u00fcrtelpr\u00fcfungen im ATK sind. Es ist daher unvermeidlich, dass der fortgeschrittene ATK-K\u00e4mpfer sich mit dem Survival besch\u00e4ftigen muss.<\/p>\n\n\n\n<p>Das in der BAE praktizierte Survival ist verbunden mit Selbstverteidigungstechniken. Das Survival-System wurde 1965 von Horst Weiland entwickelt und erfolgreich in Europa verbreitet.<\/p>\n\n\n\n<h2><strong>Die Survivalsituation<\/strong><\/h2>\n\n\n\n<p>Die Survival-Ausbildung versteht sich als ein wesentlicher Bestandteil der Psychosituationsschulung eines ATK-K\u00e4mpfers. Beim Survival kommt es darauf an, in einer Extremsituation unter Ausnutzung der gegebenen nat\u00fcrlichen und eigenen M\u00f6glichkeiten einen Weg zum \u00dcberleben zu finden. Erforderlich ist, dass der sich im Survival \u00dcbende lernt, die eigene Situation richtig einzusch\u00e4tzen, um dann entsprechend reagieren zu k\u00f6nnen. Zum einen braucht er ein Gesp\u00fcr f\u00fcr die weitere Entwicklung der Situation und zum anderen muss er auch in der Lage sein, mit dem auszukommen, was ihm von der Natur geboten wird. Insgesamt wird von ihm gefordert, sein Handeln einer ungew\u00f6hnlichen Situation anzupassen und entsprechend mit den zur Verf\u00fcgung stehenden Mitteln zu reagieren.<\/p>\n\n\n\n<h2><strong>Vergleich zwischen der Survival- und der Notwehrsituation<\/strong><\/h2>\n\n\n\n<div class=\"wp-block-image\"><figure class=\"alignright is-resized\"><img decoding=\"async\" loading=\"lazy\" src=\"https:\/\/www.kampfkunstschule-wuppertal.de\/atk\/wp-content\/uploads\/sites\/2\/2019\/03\/ATK_im_Freien_422_563.jpg\" alt=\"\" class=\"wp-image-111\" width=\"211\" height=\"282\" srcset=\"https:\/\/kampfkunstschule-wuppertal.de\/atk\/wp-content\/uploads\/sites\/2\/2019\/03\/ATK_im_Freien_422_563.jpg 422w, https:\/\/kampfkunstschule-wuppertal.de\/atk\/wp-content\/uploads\/sites\/2\/2019\/03\/ATK_im_Freien_422_563-225x300.jpg 225w\" sizes=\"(max-width: 211px) 100vw, 211px\" \/><figcaption> ATK wird auch im Freien trainiert<\/figcaption><\/figure><\/div>\n\n\n\n<p>Die Wahrscheinlichkeit in eine extreme Survivalsituation zu geraten, ist heutzutage relativ gering und auch in der Regel zu vermeiden. Die Gefahr einer Verteidigungssituation ist ungleich h\u00f6her, zumal man nicht immer in der Lage ist, derartige Notsituationen zu vermeiden. Auch in einer Verteidigungssituation gilt es unter einer extremen nervlichen Belastung zu handeln, um der Verletzung des eigenen K\u00f6rpers zu entgehen. Auch der sich Verteidigende muss eine bedrohliche Situation einsch\u00e4tzen und mit den Mitteln auskommen, die ihm zur Verf\u00fcgung stehen. Insoweit wird von ihm das gleiche gefordert wie von einem \u00dcberlebensk\u00fcnstler in der Natur.<\/p>\n\n\n\n<p>Eine Verteidigungssituation kann nur derjenige erfolgreich meistern, der seinen Gegener und die \u00e4u\u00dferen Umst\u00e4nde richtig einsch\u00e4tzt und dann situationsbezogen richtig reagiert. Es gilt daher, seine Sinne f\u00fcr alle m\u00f6glichen ungew\u00f6hnlichen Situationen zu sch\u00e4rfen und mit dem, was einem zur Verf\u00fcgung steht, auszukommen. Dieses Ziel ist nur dann erreichbar, wenn man sich zumindest theoretisch &#8211; ein Ernstfall l\u00e4sst sich in der Regel nicht real simulieren &#8211; mit Extremsituationen besch\u00e4ftigt. Ob es sich dabei um eine Survival-, Verteidigungs- oder Erste Hilfe-Situation handelt ist relativ unerheblich. Man muss lernen, aus verschiedenen Handlungsm\u00f6glichkeiten die richtige auszuw\u00e4hlen. Dies ist insbesonders in der Selbstverteidigung zu beachten, denn f\u00fcr einen bestimmten Angriff stehen dem Verteidiger eine Unzahl von Handlungsalternativen zur Verf\u00fcgung. Diese h\u00e4ngen unter anderem vor allem vom Angreifer, von den \u00e4u\u00dferen Umst\u00e4nden und auch den eigenen F\u00e4higkeiten ab.<\/p>\n\n\n\n<figure class=\"wp-block-image is-resized\"><img decoding=\"async\" loading=\"lazy\" src=\"https:\/\/www.kampfkunstschule-wuppertal.de\/atk\/wp-content\/uploads\/sites\/2\/2019\/03\/Nah_Kampf_mit_Rucksack_653_986.jpg\" alt=\"\" class=\"wp-image-112\" width=\"278\" height=\"420\" srcset=\"https:\/\/kampfkunstschule-wuppertal.de\/atk\/wp-content\/uploads\/sites\/2\/2019\/03\/Nah_Kampf_mit_Rucksack_653_986.jpg 653w, https:\/\/kampfkunstschule-wuppertal.de\/atk\/wp-content\/uploads\/sites\/2\/2019\/03\/Nah_Kampf_mit_Rucksack_653_986-199x300.jpg 199w\" sizes=\"(max-width: 278px) 100vw, 278px\" \/><figcaption> Selbstverteidigung im Gel\u00e4nde <\/figcaption><\/figure>\n\n\n\n<h2><strong>Fazit<\/strong><\/h2>\n\n\n\n<p>Die Survivalsituation \u00e4hnelt der Notwehrsituation. Je h\u00e4ufiger man sich Ausnahmesituationen aussetzt, desto leichter f\u00e4llt das Treffen der richtigen Entscheidung im richtigen Moment. Die Erfahrungen aus dem Survival lassen sich auch auf andere Lebenssituationen &#8211; bspw. das Berufsleben &#8211; \u00fcbertragen. Nicht umsonst werden in letzter Zeit auch f\u00fcr Manager Survivalseminare angeboten.<\/p>\n","protected":false},"excerpt":{"rendered":"<p>Die Survivalausbildung ist wesentlicher Bestandteil des ATK-Systems. Das zeigt u.a. sich darin, dass der der Nachweis von Survivalstunden ab einem bestimmten G\u00fcrtelgrad Zulassungsvoraussetzung zu G\u00fcrtelpr\u00fcfungen im ATK sind. Es ist daher unvermeidlich, dass der fortgeschrittene ATK-K\u00e4mpfer sich mit dem Survival besch\u00e4ftigen muss. Das in der BAE praktizierte Survival ist verbunden mit Selbstverteidigungstechniken. Das Survival-System wurde [&hellip;]<\/p>\n","protected":false},"author":1,"featured_media":0,"parent":0,"menu_order":0,"comment_status":"closed","ping_status":"closed","template":"","meta":[],"acf":[],"_links":{"self":[{"href":"https:\/\/kampfkunstschule-wuppertal.de\/atk\/wp-json\/wp\/v2\/pages\/110"}],"collection":[{"href":"https:\/\/kampfkunstschule-wuppertal.de\/atk\/wp-json\/wp\/v2\/pages"}],"about":[{"href":"https:\/\/kampfkunstschule-wuppertal.de\/atk\/wp-json\/wp\/v2\/types\/page"}],"author":[{"embeddable":true,"href":"https:\/\/kampfkunstschule-wuppertal.de\/atk\/wp-json\/wp\/v2\/users\/1"}],"replies":[{"embeddable":true,"href":"https:\/\/kampfkunstschule-wuppertal.de\/atk\/wp-json\/wp\/v2\/comments?post=110"}],"version-history":[{"count":2,"href":"https:\/\/kampfkunstschule-wuppertal.de\/atk\/wp-json\/wp\/v2\/pages\/110\/revisions"}],"predecessor-version":[{"id":204,"href":"https:\/\/kampfkunstschule-wuppertal.de\/atk\/wp-json\/wp\/v2\/pages\/110\/revisions\/204"}],"wp:attachment":[{"href":"https:\/\/kampfkunstschule-wuppertal.de\/atk\/wp-json\/wp\/v2\/media?parent=110"}],"curies":[{"name":"wp","href":"https:\/\/api.w.org\/{rel}","templated":true}]}}